{"id":2272,"date":"2020-06-18T20:28:57","date_gmt":"2020-06-18T18:28:57","guid":{"rendered":"https:\/\/www.editions-hope.com\/?post_type=product&#038;p=2272"},"modified":"2020-06-18T20:32:26","modified_gmt":"2020-06-18T18:32:26","slug":"impression-fantasmes","status":"publish","type":"product","link":"https:\/\/www.editions-hope.com\/fr\/boutique\/impression-fantasmes\/","title":{"rendered":"Impression \"Fantasmes\""},"content":{"rendered":"","protected":false},"excerpt":{"rendered":"<p>\u00bb Illustration de <a href=\"https:\/\/www.reject-reality.com\" rel=\"noopener noreferrer\" target=\"_blank\">Thomas Piraud<\/a> pour le chapitre <em>Fanstames<\/em> du livre <em>Pl\u00e9nitude<\/em> de Katy Danjou.<\/p>\n<p><i class=\"fal fa-expand-wide\"><\/i> Format A2 (42x60cm) - <em>Vendu sans cadre<\/em><br \/>\n<i class=\"fal fa-image\"><\/i> Impression HD sur papier 100 % coton, l\u00e9g\u00e8rement textur\u00e9<br \/>\n&nbsp;&nbsp;<\/p>\n","protected":false},"featured_media":2168,"comment_status":"closed","ping_status":"closed","template":"","meta":[],"product_brand":[],"product_cat":[109],"product_tag":[],"class_list":{"0":"post-2272","1":"product","2":"type-product","3":"status-publish","4":"has-post-thumbnail","6":"product_cat-tableaux","8":"first","9":"instock","10":"shipping-taxable","11":"purchasable","12":"product-type-simple"},"_links":{"self":[{"href":"https:\/\/www.editions-hope.com\/fr\/wp-json\/wp\/v2\/product\/2272","targetHints":{"allow":["GET"]}}],"collection":[{"href":"https:\/\/www.editions-hope.com\/fr\/wp-json\/wp\/v2\/product"}],"about":[{"href":"https:\/\/www.editions-hope.com\/fr\/wp-json\/wp\/v2\/types\/product"}],"replies":[{"embeddable":true,"href":"https:\/\/www.editions-hope.com\/fr\/wp-json\/wp\/v2\/comments?post=2272"}],"wp:featuredmedia":[{"embeddable":true,"href":"https:\/\/www.editions-hope.com\/fr\/wp-json\/wp\/v2\/media\/2168"}],"wp:attachment":[{"href":"https:\/\/www.editions-hope.com\/fr\/wp-json\/wp\/v2\/media?parent=2272"}],"wp:term":[{"taxonomy":"product_brand","embeddable":true,"href":"https:\/\/www.editions-hope.com\/fr\/wp-json\/wp\/v2\/product_brand?post=2272"},{"taxonomy":"product_cat","embeddable":true,"href":"https:\/\/www.editions-hope.com\/fr\/wp-json\/wp\/v2\/product_cat?post=2272"},{"taxonomy":"product_tag","embeddable":true,"href":"https:\/\/www.editions-hope.com\/fr\/wp-json\/wp\/v2\/product_tag?post=2272"}],"curies":[{"name":"wp","href":"https:\/\/api.w.org\/{rel}","templated":true}]}}