{"id":2261,"date":"2020-06-18T19:32:33","date_gmt":"2020-06-18T17:32:33","guid":{"rendered":"https:\/\/www.editions-hope.com\/?post_type=product&#038;p=2261"},"modified":"2020-06-18T19:36:05","modified_gmt":"2020-06-18T17:36:05","slug":"affiche-claquement-d-aile","status":"publish","type":"product","link":"https:\/\/www.editions-hope.com\/fr\/boutique\/affiche-claquement-d-aile\/","title":{"rendered":"Affiche \"Claquement d'Aile\""},"content":{"rendered":"","protected":false},"excerpt":{"rendered":"<p>\u00bb Cette affiche a \u00e9t\u00e9 r\u00e9alis\u00e9e par <a href=\"https:\/\/www.execute-production.com\">exe.cute production<\/a>, \u00e0 l'occasion de la pr\u00e9sentation du livre <em>Claquement d'Aile<\/em> en 2013.<\/p>\n<p><i class=\"fal fa-expand-wide\"><\/i> Format A3 (30x42cm)<br \/>\n<i class=\"fal fa-image\"><\/i> Impression HD sur papier Fujicolor Crystal Archive 215g\/m\u00b2<br \/>\n<i class=\"fal fa-scroll\"><\/i> <em>Finition matte<\/em><br \/>\n&nbsp;&nbsp;<\/p>\n","protected":false},"featured_media":2082,"comment_status":"closed","ping_status":"closed","template":"","meta":[],"product_brand":[],"product_cat":[111],"product_tag":[],"class_list":{"0":"post-2261","1":"product","2":"type-product","3":"status-publish","4":"has-post-thumbnail","6":"product_cat-affiches","8":"first","9":"instock","10":"shipping-taxable","11":"purchasable","12":"product-type-simple"},"_links":{"self":[{"href":"https:\/\/www.editions-hope.com\/fr\/wp-json\/wp\/v2\/product\/2261","targetHints":{"allow":["GET"]}}],"collection":[{"href":"https:\/\/www.editions-hope.com\/fr\/wp-json\/wp\/v2\/product"}],"about":[{"href":"https:\/\/www.editions-hope.com\/fr\/wp-json\/wp\/v2\/types\/product"}],"replies":[{"embeddable":true,"href":"https:\/\/www.editions-hope.com\/fr\/wp-json\/wp\/v2\/comments?post=2261"}],"wp:featuredmedia":[{"embeddable":true,"href":"https:\/\/www.editions-hope.com\/fr\/wp-json\/wp\/v2\/media\/2082"}],"wp:attachment":[{"href":"https:\/\/www.editions-hope.com\/fr\/wp-json\/wp\/v2\/media?parent=2261"}],"wp:term":[{"taxonomy":"product_brand","embeddable":true,"href":"https:\/\/www.editions-hope.com\/fr\/wp-json\/wp\/v2\/product_brand?post=2261"},{"taxonomy":"product_cat","embeddable":true,"href":"https:\/\/www.editions-hope.com\/fr\/wp-json\/wp\/v2\/product_cat?post=2261"},{"taxonomy":"product_tag","embeddable":true,"href":"https:\/\/www.editions-hope.com\/fr\/wp-json\/wp\/v2\/product_tag?post=2261"}],"curies":[{"name":"wp","href":"https:\/\/api.w.org\/{rel}","templated":true}]}}