{"id":2053,"date":"2020-06-17T19:05:21","date_gmt":"2020-06-17T17:05:21","guid":{"rendered":"https:\/\/www.editions-hope.com\/?post_type=product&#038;p=2053"},"modified":"2020-06-17T19:15:28","modified_gmt":"2020-06-17T17:15:28","slug":"spirale-notebook-editions-hope","status":"publish","type":"product","link":"https:\/\/www.editions-hope.com\/fr\/boutique\/spirale-notebook-editions-hope\/","title":{"rendered":"Notebook \u00e0 spirale Editions HOPE"},"content":{"rendered":"","protected":false},"excerpt":{"rendered":"<p><span style=\"font-size: 14px;\">Artwork de ToM Gilesson imprim\u00e9 sur la couverture.<br \/>\nCouverture 350 g\/m\u00b2 ; papier 90 g\/m\u00b2.<br \/>\n120 pages.<br \/>\n<\/span><\/p>\n<p><span style=\"font-size: 14px;\"><strong>Disponible avec des pages lign\u00e9es ou des pages quadrill\u00e9es \u00e0 points<\/strong>.<\/p>\n<p>Produit vendu sur la plateforme<br \/>\n<a href=\"https:\/\/www.redbubble.com\/fr\/i\/carnet\/Hope-par-tom-gilesson\/37023476.N57D9\" rel=\"noopener noreferrer\" target=\"_blank\"><img loading=\"lazy\" decoding=\"async\" src=\"https:\/\/www.editions-hope.com\/wp-content\/uploads\/redbubble-300x65.png\" alt=\"Redbubble\" width=\"138\" height=\"30\" class=\"alignleft size-medium wp-image-1999\" srcset=\"https:\/\/www.editions-hope.com\/wp-content\/uploads\/redbubble-300x65.png 300w, https:\/\/www.editions-hope.com\/wp-content\/uploads\/redbubble-600x130.png 600w, https:\/\/www.editions-hope.com\/wp-content\/uploads\/redbubble-768x167.png 768w, https:\/\/www.editions-hope.com\/wp-content\/uploads\/redbubble.png 773w\" sizes=\"auto, (max-width: 138px) 100vw, 138px\" \/><\/a><br \/>\n&nbsp; <\/p>\n","protected":false},"featured_media":2055,"comment_status":"closed","ping_status":"closed","template":"","meta":[],"product_brand":[],"product_cat":[103],"product_tag":[],"class_list":{"0":"post-2053","1":"product","2":"type-product","3":"status-publish","4":"has-post-thumbnail","6":"product_cat-collectors","8":"first","9":"instock","10":"shipping-taxable","11":"product-type-external"},"_links":{"self":[{"href":"https:\/\/www.editions-hope.com\/fr\/wp-json\/wp\/v2\/product\/2053","targetHints":{"allow":["GET"]}}],"collection":[{"href":"https:\/\/www.editions-hope.com\/fr\/wp-json\/wp\/v2\/product"}],"about":[{"href":"https:\/\/www.editions-hope.com\/fr\/wp-json\/wp\/v2\/types\/product"}],"replies":[{"embeddable":true,"href":"https:\/\/www.editions-hope.com\/fr\/wp-json\/wp\/v2\/comments?post=2053"}],"wp:featuredmedia":[{"embeddable":true,"href":"https:\/\/www.editions-hope.com\/fr\/wp-json\/wp\/v2\/media\/2055"}],"wp:attachment":[{"href":"https:\/\/www.editions-hope.com\/fr\/wp-json\/wp\/v2\/media?parent=2053"}],"wp:term":[{"taxonomy":"product_brand","embeddable":true,"href":"https:\/\/www.editions-hope.com\/fr\/wp-json\/wp\/v2\/product_brand?post=2053"},{"taxonomy":"product_cat","embeddable":true,"href":"https:\/\/www.editions-hope.com\/fr\/wp-json\/wp\/v2\/product_cat?post=2053"},{"taxonomy":"product_tag","embeddable":true,"href":"https:\/\/www.editions-hope.com\/fr\/wp-json\/wp\/v2\/product_tag?post=2053"}],"curies":[{"name":"wp","href":"https:\/\/api.w.org\/{rel}","templated":true}]}}