{"id":2018,"date":"2020-06-17T17:56:22","date_gmt":"2020-06-17T15:56:22","guid":{"rendered":"https:\/\/www.editions-hope.com\/?post_type=product&#038;p=2018"},"modified":"2020-06-17T18:15:47","modified_gmt":"2020-06-17T16:15:47","slug":"coque-iphone-editions-hope","status":"publish","type":"product","link":"https:\/\/www.editions-hope.com\/fr\/boutique\/coque-iphone-editions-hope\/","title":{"rendered":"Coque iPhone Editions HOPE"},"content":{"rendered":"","protected":false},"excerpt":{"rendered":"<p><span style=\"font-size: 14px;\">Coque r\u00e9sistante qui recouvre l'arri\u00e8re et les bords du t\u00e9l\u00e9phone.<br \/>\nLe design est visible \u00e0 l'arri\u00e8re. Les c\u00f4t\u00e9s donnent libre acc\u00e8s aux ports de l'appareil.<br \/>\nCompatible avec le chargement sans fil Qi.<\/span><\/p>\n<p><span style=\"font-size: 14px;\">Artwork de ToM Gilesson.<br \/>\n<strong>3 types de coque disponibles : souple, rigide, anti-choc<\/strong>.<\/span><\/p>\n<p>Produit vendu sur la plateforme<br \/>\n<a href=\"https:\/\/www.redbubble.com\/fr\/i\/coque-iphone\/Hope-par-tom-gilesson\/37023476.PM7U2\" rel=\"noopener noreferrer\" target=\"_blank\"><img loading=\"lazy\" decoding=\"async\" src=\"https:\/\/www.editions-hope.com\/wp-content\/uploads\/redbubble-300x65.png\" alt=\"Redbubble\" width=\"138\" height=\"30\" class=\"alignleft size-medium wp-image-1999\" srcset=\"https:\/\/www.editions-hope.com\/wp-content\/uploads\/redbubble-300x65.png 300w, https:\/\/www.editions-hope.com\/wp-content\/uploads\/redbubble-600x130.png 600w, https:\/\/www.editions-hope.com\/wp-content\/uploads\/redbubble-768x167.png 768w, https:\/\/www.editions-hope.com\/wp-content\/uploads\/redbubble.png 773w\" sizes=\"auto, (max-width: 138px) 100vw, 138px\" \/><\/a><br \/>\n&nbsp; <\/p>\n","protected":false},"featured_media":2020,"comment_status":"closed","ping_status":"closed","template":"","meta":[],"product_brand":[],"product_cat":[103],"product_tag":[],"class_list":{"0":"post-2018","1":"product","2":"type-product","3":"status-publish","4":"has-post-thumbnail","6":"product_cat-collectors","8":"first","9":"instock","10":"shipping-taxable","11":"product-type-external"},"_links":{"self":[{"href":"https:\/\/www.editions-hope.com\/fr\/wp-json\/wp\/v2\/product\/2018","targetHints":{"allow":["GET"]}}],"collection":[{"href":"https:\/\/www.editions-hope.com\/fr\/wp-json\/wp\/v2\/product"}],"about":[{"href":"https:\/\/www.editions-hope.com\/fr\/wp-json\/wp\/v2\/types\/product"}],"replies":[{"embeddable":true,"href":"https:\/\/www.editions-hope.com\/fr\/wp-json\/wp\/v2\/comments?post=2018"}],"wp:featuredmedia":[{"embeddable":true,"href":"https:\/\/www.editions-hope.com\/fr\/wp-json\/wp\/v2\/media\/2020"}],"wp:attachment":[{"href":"https:\/\/www.editions-hope.com\/fr\/wp-json\/wp\/v2\/media?parent=2018"}],"wp:term":[{"taxonomy":"product_brand","embeddable":true,"href":"https:\/\/www.editions-hope.com\/fr\/wp-json\/wp\/v2\/product_brand?post=2018"},{"taxonomy":"product_cat","embeddable":true,"href":"https:\/\/www.editions-hope.com\/fr\/wp-json\/wp\/v2\/product_cat?post=2018"},{"taxonomy":"product_tag","embeddable":true,"href":"https:\/\/www.editions-hope.com\/fr\/wp-json\/wp\/v2\/product_tag?post=2018"}],"curies":[{"name":"wp","href":"https:\/\/api.w.org\/{rel}","templated":true}]}}