{"id":1919,"date":"2020-06-15T20:32:40","date_gmt":"2020-06-15T18:32:40","guid":{"rendered":"https:\/\/www.editions-hope.com\/?post_type=product&#038;p=1919"},"modified":"2021-05-30T13:32:27","modified_gmt":"2021-05-30T11:32:27","slug":"ebook-whispers-allegoria","status":"publish","type":"product","link":"https:\/\/www.editions-hope.com\/fr\/boutique\/ebook-whispers-allegoria\/","title":{"rendered":"Whispers - Allegoria [eBook]"},"content":{"rendered":"[vc_row type=\"in_container\" full_screen_row_position=\"middle\" column_margin=\"default\" column_direction=\"default\" column_direction_tablet=\"default\" column_direction_phone=\"default\" scene_position=\"center\" text_color=\"dark\" text_align=\"left\" row_border_radius=\"none\" row_border_radius_applies=\"bg\" overlay_strength=\"0.3\" gradient_direction=\"left_to_right\" shape_divider_position=\"bottom\" bg_image_animation=\"none\" shape_type=\"\"][vc_column column_padding=\"no-extra-padding\" column_padding_tablet=\"inherit\" column_padding_phone=\"inherit\" column_padding_position=\"all\" background_color_opacity=\"1\" background_hover_color_opacity=\"1\" column_shadow=\"none\" column_border_radius=\"none\" column_link_target=\"_self\" gradient_direction=\"left_to_right\" overlay_strength=\"0.3\" width=\"1\/1\" tablet_width_inherit=\"default\" tablet_text_alignment=\"default\" phone_text_alignment=\"default\" column_border_width=\"none\" column_border_style=\"solid\" bg_image_animation=\"none\"][vc_column_text css_animation=\"fadeIn\"]\n<h2 style=\"text-align: justify; color: #8e9cad;\"><i class=\"fad fa-bookmark\"><\/i> R\u00e9sum\u00e9<\/h2>\n[\/vc_column_text][divider line_type=\"No Line\" custom_height=\"20px\"][vc_column_text css_animation=\"fadeIn\"]\n<p style=\"text-align: justify;\">Allegoria est la Cr\u00e9ature de l\u2019Invisible qui r\u00f4de dans le Visible.<\/p>\n<p style=\"text-align: justify;\">Elle s'immisce dans mon esprit, dans celui de l'Homme, semant le trouble et la confusion. Elle nous entra\u00eene dans un combat sans merci... Elle prot\u00e8ge un secret bien gard\u00e9 qui menace d'\u00e9merger...<\/p>\n<p style=\"text-align: justify;\">Ce nouveau d\u00e9fi est-il l'aboutissement de ma qu\u00eate ou le d\u00e9but d'une autre, bien plus infinie ?<\/p>\n<p style=\"text-align: center;\">Allegoria me murmure :<br \/>\n\u00ab <em>Ils vont te condamner au b\u00fbcher.<br \/>\nJe vais embraser les flammes. Elles te l\u00e9cheront, te consumeront...<br \/>\nEntrons dans l\u2019Ar\u00e8ne et combattons...<\/em> \u00bb<\/p>\n[\/vc_column_text][\/vc_column][\/vc_row][vc_row type=\"in_container\" full_screen_row_position=\"middle\" column_margin=\"default\" column_direction=\"default\" column_direction_tablet=\"default\" column_direction_phone=\"default\" scene_position=\"center\" text_color=\"dark\" text_align=\"left\" row_border_radius=\"none\" row_border_radius_applies=\"bg\" overlay_strength=\"0.3\" gradient_direction=\"left_to_right\" shape_divider_position=\"bottom\" bg_image_animation=\"none\"][vc_column column_padding=\"no-extra-padding\" column_padding_tablet=\"inherit\" column_padding_phone=\"inherit\" column_padding_position=\"all\" centered_text=\"true\" background_color_opacity=\"1\" background_hover_color_opacity=\"1\" column_shadow=\"none\" column_border_radius=\"none\" column_link_target=\"_self\" gradient_direction=\"left_to_right\" overlay_strength=\"0.3\" width=\"1\/1\" tablet_width_inherit=\"default\" tablet_text_alignment=\"default\" phone_text_alignment=\"default\" column_border_width=\"none\" column_border_style=\"solid\" bg_image_animation=\"none\"][divider line_type=\"No Line\" custom_height=\"50px\"][nectar_btn size=\"jumbo\" open_new_tab=\"true\" button_style=\"see-through\" button_color_2=\"extra-color-gradient-2\" icon_family=\"fontawesome\" text=\"D\u00e9couvrir un Extrait\" url=\"https:\/\/www.editions-hope.com\/book\/whispers_allegoria\/\" css_animation=\"none\" icon_fontawesome=\"fa fa-eye\"][\/vc_column][\/vc_row][vc_row type=\"in_container\" full_screen_row_position=\"middle\" column_margin=\"default\" column_direction=\"default\" column_direction_tablet=\"default\" column_direction_phone=\"default\" scene_position=\"center\" text_color=\"dark\" text_align=\"left\" row_border_radius=\"none\" row_border_radius_applies=\"bg\" overlay_strength=\"0.3\" gradient_direction=\"left_to_right\" shape_divider_position=\"bottom\" bg_image_animation=\"none\" shape_type=\"\"][vc_column column_padding=\"no-extra-padding\" column_padding_tablet=\"inherit\" column_padding_phone=\"inherit\" column_padding_position=\"all\" background_color_opacity=\"1\" background_hover_color_opacity=\"1\" column_shadow=\"none\" column_border_radius=\"none\" column_link_target=\"_self\" gradient_direction=\"left_to_right\" overlay_strength=\"0.3\" width=\"1\/1\" tablet_width_inherit=\"default\" tablet_text_alignment=\"default\" phone_text_alignment=\"default\" column_border_width=\"none\" column_border_style=\"solid\" bg_image_animation=\"none\"][divider line_type=\"No Line\" custom_height=\"50px\"][image_with_animation image_url=\"337\" animation=\"Fade In\" hover_animation=\"none\" alignment=\"center\" border_radius=\"none\" box_shadow=\"none\" image_loading=\"lazy-load\" max_width=\"100%\" max_width_mobile=\"default\"][divider line_type=\"No Line\" custom_height=\"50px\"][\/vc_column][\/vc_row][vc_row type=\"in_container\" full_screen_row_position=\"middle\" column_margin=\"default\" column_direction=\"default\" column_direction_tablet=\"default\" column_direction_phone=\"default\" scene_position=\"center\" text_color=\"dark\" text_align=\"left\" row_border_radius=\"none\" row_border_radius_applies=\"bg\" overlay_strength=\"0.3\" gradient_direction=\"left_to_right\" shape_divider_position=\"bottom\" bg_image_animation=\"none\" shape_type=\"\"][vc_column column_padding=\"no-extra-padding\" column_padding_tablet=\"inherit\" column_padding_phone=\"inherit\" column_padding_position=\"all\" background_color_opacity=\"1\" background_hover_color_opacity=\"1\" column_shadow=\"none\" column_border_radius=\"none\" column_link_target=\"_self\" gradient_direction=\"left_to_right\" overlay_strength=\"0.3\" width=\"1\/1\" tablet_width_inherit=\"default\" tablet_text_alignment=\"default\" phone_text_alignment=\"default\" column_border_width=\"none\" column_border_style=\"solid\" bg_image_animation=\"none\"][vc_column_text css_animation=\"fadeIn\"]\n<h2 style=\"text-align: justify; color: #8e9cad;\"><i class=\"fad fa-pen-nib\"><\/i> La trilogie <em>Murmures<\/em><\/h2>\n[\/vc_column_text][divider line_type=\"No Line\" custom_height=\"20px\"][vc_column_text css_animation=\"fadeIn\"]\n<p style=\"text-align: justify;\">\"La Trilogie de Murmures d\u00e9livre son myst\u00e8re \u00e0 travers trois rencontres \u00e0 la crois\u00e9e des chemins : L'Enfant - <em>Jacques, Etre de Lumi\u00e8re<\/em>, l'Homme - <em>La Valse de l'Aigle<\/em> et la Femme, mi humaine mi cr\u00e9ature - <em>Allegoria<\/em>.<\/p>\n<p style=\"text-align: justify;\">Trois t\u00e9moignages qui peu \u00e0 peu nous plongent plus profond\u00e9ment dans l'Ailleurs, l'Invisible dont nul ne veut parler mais qui est toujours l\u00e0, bien pr\u00e9sent...<\/p>\n<p style=\"text-align: justify;\">Trois Murmures en bordure du Monde : L'Enfant ouvre les portes de la gen\u00e8se de notre Etre. Il est l'Innocence qui nous rappelle l'enfant que nous \u00e9tions ou que nous aurions d\u00fb \u00eatre. L'Homme Aigle lib\u00e8re les maux enfouis. Le voile de l'illusion vole en \u00e9clat. Il est la voie de la d\u00e9couverte de soi, de la remise en question de toutes nos certitudes. La myst\u00e9rieuse Femme mi-humaine, mi-cr\u00e9ature nous r\u00e9v\u00e8le le prisme de notre identit\u00e9 profonde. Elle est la cl\u00e9 permettant \u00e0 notre potentiel de devenir r\u00e9el... Mais quel potentiel dans quelle r\u00e9alit\u00e9 ? Quelle est notre identit\u00e9 profonde ?\"<\/p>\n[\/vc_column_text][\/vc_column][\/vc_row][vc_row type=\"in_container\" full_screen_row_position=\"middle\" column_margin=\"default\" column_direction=\"default\" column_direction_tablet=\"default\" column_direction_phone=\"default\" scene_position=\"center\" text_color=\"dark\" text_align=\"left\" row_border_radius=\"none\" row_border_radius_applies=\"bg\" overlay_strength=\"0.3\" gradient_direction=\"left_to_right\" shape_divider_position=\"bottom\" bg_image_animation=\"none\" shape_type=\"\"][vc_column column_padding=\"no-extra-padding\" column_padding_tablet=\"inherit\" column_padding_phone=\"inherit\" column_padding_position=\"all\" background_color_opacity=\"1\" background_hover_color_opacity=\"1\" column_shadow=\"none\" column_border_radius=\"none\" column_link_target=\"_self\" gradient_direction=\"left_to_right\" overlay_strength=\"0.3\" width=\"1\/1\" tablet_width_inherit=\"default\" tablet_text_alignment=\"default\" phone_text_alignment=\"default\" column_border_width=\"none\" column_border_style=\"solid\" bg_image_animation=\"none\"][divider line_type=\"No Line\" custom_height=\"50px\"][image_with_animation image_url=\"335\" animation=\"Fade In\" hover_animation=\"none\" alignment=\"center\" border_radius=\"none\" box_shadow=\"none\" image_loading=\"lazy-load\" max_width=\"100%\" max_width_mobile=\"default\"][divider line_type=\"No Line\" custom_height=\"50px\"][\/vc_column][\/vc_row][vc_row type=\"in_container\" full_screen_row_position=\"middle\" column_margin=\"default\" column_direction=\"default\" column_direction_tablet=\"default\" column_direction_phone=\"default\" scene_position=\"center\" text_color=\"dark\" text_align=\"left\" row_border_radius=\"none\" row_border_radius_applies=\"bg\" overlay_strength=\"0.3\" gradient_direction=\"left_to_right\" shape_divider_position=\"bottom\" bg_image_animation=\"none\" shape_type=\"\"][vc_column column_padding=\"no-extra-padding\" column_padding_tablet=\"inherit\" column_padding_phone=\"inherit\" column_padding_position=\"all\" background_color_opacity=\"1\" background_hover_color_opacity=\"1\" column_shadow=\"none\" column_border_radius=\"none\" column_link_target=\"_self\" gradient_direction=\"left_to_right\" overlay_strength=\"0.3\" width=\"1\/1\" tablet_width_inherit=\"default\" tablet_text_alignment=\"default\" phone_text_alignment=\"default\" column_border_width=\"none\" column_border_style=\"solid\" bg_image_animation=\"none\"][vc_column_text css_animation=\"fadeIn\"]\n<p style=\"text-align: center;\">Format <strong>EPUB<\/strong> compatible avec les appareils suivants :<\/p>\n[\/vc_column_text][image_with_animation image_url=\"1773\" animation=\"Fade In\" hover_animation=\"none\" alignment=\"center\" border_radius=\"none\" box_shadow=\"none\" image_loading=\"default\" max_width=\"100%\" max_width_mobile=\"default\"][divider line_type=\"No Line\" custom_height=\"20px\"][vc_column_text css_animation=\"fadeIn\"]\n<p style=\"text-align: center;\">Format <strong>AZW3<\/strong> compatible avec Amazon Kindle\u2122<\/p>\n[\/vc_column_text][divider line_type=\"No Line\" custom_height=\"60px\"][\/vc_column][\/vc_row][vc_row type=\"in_container\" full_screen_row_position=\"middle\" column_margin=\"default\" equal_height=\"yes\" content_placement=\"middle\" column_direction=\"default\" column_direction_tablet=\"default\" column_direction_phone=\"default\" scene_position=\"center\" text_color=\"dark\" text_align=\"left\" row_border_radius=\"none\" row_border_radius_applies=\"bg\" overlay_strength=\"0.3\" gradient_direction=\"left_to_right\" shape_divider_position=\"bottom\" bg_image_animation=\"none\" shape_type=\"\"][vc_column column_padding=\"no-extra-padding\" column_padding_tablet=\"inherit\" column_padding_phone=\"inherit\" column_padding_position=\"all\" background_color_opacity=\"1\" background_hover_color_opacity=\"1\" column_shadow=\"none\" column_border_radius=\"none\" column_link_target=\"_self\" gradient_direction=\"left_to_right\" overlay_strength=\"0.3\" width=\"1\/3\" tablet_width_inherit=\"default\" tablet_text_alignment=\"default\" phone_text_alignment=\"default\" column_border_width=\"none\" column_border_style=\"solid\" bg_image_animation=\"none\"]<div class=\"nectar-social hover\" data-position=\"left\" data-color-override=\"override\"><span class=\"share-btn\"> <i class=\"icon-default-style steadysets-icon-share\"><\/i> Partager<\/span><div class=\"nectar-social-inner\"><a class='facebook-share nectar-sharing' href='#' title='Partager'>  <i class='fa fa-facebook'><\/i> <span class='social-text'>Partager<\/span> <\/a><a class='twitter-share nectar-sharing' href='#' title='Partager'> <i class='fa icon-salient-x-twitter'><\/i> <span class='social-text'>Partager<\/span> <\/a><a class='linkedin-share nectar-sharing' href='#' title='Partager'> <i class='fa fa-linkedin'><\/i> <span class='social-text'>Partager<\/span> <\/a><a class='pinterest-share nectar-sharing' href='#' title='Epingler'> <i class='fa fa-pinterest'><\/i> <span class='social-text'>Epingler<\/span> <\/a><\/div><div class=\"nectar-love-button\"><a href=\"#\" class=\"nectar-love\" id=\"nectar-love-1919\" title=\"Aimer cet article\"> <i class=\"icon-salient-heart-2\"><\/i><span class=\"love-text\">J\u2019aime<\/span><span class=\"total_loves\"><span class=\"nectar-love-count\">0<\/span><\/span><\/a><\/div><\/div>[\/vc_column][vc_column column_padding=\"no-extra-padding\" column_padding_tablet=\"inherit\" column_padding_phone=\"inherit\" column_padding_position=\"all\" centered_text=\"true\" background_color_opacity=\"1\" background_hover_color_opacity=\"1\" column_shadow=\"none\" column_border_radius=\"none\" column_link_target=\"_self\" gradient_direction=\"left_to_right\" overlay_strength=\"0.3\" width=\"1\/3\" tablet_width_inherit=\"default\" tablet_text_alignment=\"default\" phone_text_alignment=\"default\" column_border_width=\"none\" column_border_style=\"solid\" bg_image_animation=\"none\"][vc_column_text css_animation=\"fadeIn\"]\n<p style=\"text-align: center;\"><i class=\"fal fa-books\"><\/i> Dernier livre de la trilogie <em>Whispers<\/em><br \/>\n<i class=\"fad fa-barcode\"><\/i> ISBN : 9791094249291<\/p>\n[\/vc_column_text][\/vc_column][vc_column column_padding=\"no-extra-padding\" column_padding_tablet=\"inherit\" column_padding_phone=\"inherit\" column_padding_position=\"all\" background_color_opacity=\"1\" background_hover_color_opacity=\"1\" column_shadow=\"none\" column_border_radius=\"none\" column_link_target=\"_self\" gradient_direction=\"left_to_right\" overlay_strength=\"0.3\" width=\"1\/3\" tablet_width_inherit=\"default\" tablet_text_alignment=\"default\" phone_text_alignment=\"default\" column_border_width=\"none\" column_border_style=\"solid\" bg_image_animation=\"none\"][nectar_btn size=\"medium\" open_new_tab=\"true\" button_style=\"see-through\" button_color_2=\"extra-color-gradient-2\" icon_family=\"fontawesome\" el_class=\"alignright\" text=\"D\u00e9couvrir un Extrait\" url=\"https:\/\/www.editions-hope.com\/book\/whispers_allegoria\/\" css_animation=\"none\" icon_fontawesome=\"fa fa-eye\"][\/vc_column][\/vc_row]\n","protected":false},"excerpt":{"rendered":"<p><span style=\"font-size: 22px;\">Un livre de <strong>Katy Danjou<\/strong><\/span><\/p>\n<p>\u00bb <em>Roman (en anglais)<\/em><\/p>\n","protected":false},"featured_media":1684,"comment_status":"open","ping_status":"closed","template":"","meta":[],"product_brand":[],"product_cat":[95],"product_tag":[71,85],"class_list":{"0":"post-1919","1":"product","2":"type-product","3":"status-publish","4":"has-post-thumbnail","6":"product_cat-ebooks-anglais","7":"product_tag-roman","8":"product_tag-trilogie","10":"first","11":"instock","12":"shipping-taxable","13":"purchasable","14":"product-type-variable","15":"has-default-attributes"},"_links":{"self":[{"href":"https:\/\/www.editions-hope.com\/fr\/wp-json\/wp\/v2\/product\/1919","targetHints":{"allow":["GET"]}}],"collection":[{"href":"https:\/\/www.editions-hope.com\/fr\/wp-json\/wp\/v2\/product"}],"about":[{"href":"https:\/\/www.editions-hope.com\/fr\/wp-json\/wp\/v2\/types\/product"}],"replies":[{"embeddable":true,"href":"https:\/\/www.editions-hope.com\/fr\/wp-json\/wp\/v2\/comments?post=1919"}],"wp:featuredmedia":[{"embeddable":true,"href":"https:\/\/www.editions-hope.com\/fr\/wp-json\/wp\/v2\/media\/1684"}],"wp:attachment":[{"href":"https:\/\/www.editions-hope.com\/fr\/wp-json\/wp\/v2\/media?parent=1919"}],"wp:term":[{"taxonomy":"product_brand","embeddable":true,"href":"https:\/\/www.editions-hope.com\/fr\/wp-json\/wp\/v2\/product_brand?post=1919"},{"taxonomy":"product_cat","embeddable":true,"href":"https:\/\/www.editions-hope.com\/fr\/wp-json\/wp\/v2\/product_cat?post=1919"},{"taxonomy":"product_tag","embeddable":true,"href":"https:\/\/www.editions-hope.com\/fr\/wp-json\/wp\/v2\/product_tag?post=1919"}],"curies":[{"name":"wp","href":"https:\/\/api.w.org\/{rel}","templated":true}]}}