{"id":1878,"date":"2020-06-15T19:44:14","date_gmt":"2020-06-15T17:44:14","guid":{"rendered":"https:\/\/www.editions-hope.com\/?post_type=product&#038;p=1878"},"modified":"2022-06-06T16:32:52","modified_gmt":"2022-06-06T14:32:52","slug":"ebook-whispers-jacques-being-of-light","status":"publish","type":"product","link":"https:\/\/www.editions-hope.com\/fr\/boutique\/ebook-whispers-jacques-being-of-light\/","title":{"rendered":"Whispers - Jacques, Being of Light [eBook]"},"content":{"rendered":"[vc_row type=\"in_container\" full_screen_row_position=\"middle\" column_margin=\"default\" column_direction=\"default\" column_direction_tablet=\"default\" column_direction_phone=\"default\" scene_position=\"center\" text_color=\"dark\" text_align=\"left\" row_border_radius=\"none\" row_border_radius_applies=\"bg\" overlay_strength=\"0.3\" gradient_direction=\"left_to_right\" shape_divider_position=\"bottom\" bg_image_animation=\"none\" shape_type=\"\"][vc_column column_padding=\"no-extra-padding\" column_padding_tablet=\"inherit\" column_padding_phone=\"inherit\" column_padding_position=\"all\" background_color_opacity=\"1\" background_hover_color_opacity=\"1\" column_shadow=\"none\" column_border_radius=\"none\" column_link_target=\"_self\" gradient_direction=\"left_to_right\" overlay_strength=\"0.3\" width=\"1\/1\" tablet_width_inherit=\"default\" tablet_text_alignment=\"default\" phone_text_alignment=\"default\" column_border_width=\"none\" column_border_style=\"solid\" bg_image_animation=\"none\"][vc_column_text css_animation=\"fadeIn\"]\n<h2 style=\"text-align: justify; color: #8e9cad;\"><i class=\"fad fa-bookmark\"><\/i> R\u00e9sum\u00e9<\/h2>\n[\/vc_column_text][divider line_type=\"No Line\" custom_height=\"20px\"][vc_column_text css_animation=\"fadeIn\"]\n<p style=\"text-align: justify;\">Une pr\u00e9sence silencieuse me tient la main. Je ressens une douce pression dans ma paume. Je suis p\u00e9trifi\u00e9e, \u00e9merveill\u00e9e. La pr\u00e9sence envahit mon \u00eatre, mes r\u00eaves\u2026 J\u2019entends un rire d\u2018enfant. Je le suis\u2026<\/p>\n<p style=\"text-align: justify;\">Je me laisse conduire vers ce petit gar\u00e7on \u00e0 la chevelure cendr\u00e9e, un seul pr\u00e9nom : Jacques.<\/p>\n<p style=\"text-align: justify;\">Rencontre myst\u00e8re, Jacques a la volont\u00e9 de sortir de l'ombre, de son silence. Il me m\u00e8ne sur les sentiers de son histoire, ouvrant les portes d\u2019une m\u00e9moire oubli\u00e9e\u2026<\/p>\n<p style=\"text-align: justify;\">A travers son histoire, une autre se r\u00e9v\u00e8le, la mienne, celle d\u2019une petite fille assise sur le perron\u2026<\/p>\n<p style=\"text-align: justify;\">Jacques, \u00catre de Lumi\u00e8re, ouvre mon regard. Il me demande de r\u00e9v\u00e9ler ce que je cache depuis le commencement...<\/p>\n<p style=\"text-align: justify;\">Ensemble, main dans la main, nous cheminons sous le regard incr\u00e9dule du Monde\u2026<\/p>\n<p style=\"text-align: justify;\">Les murmures viennent \u00e0 moi :<br \/>\n<em>\u00ab Ne crains pas\u2026 Ouvre ton \u00e2me, lib\u00e8re ton c\u0153ur, d\u00e9noue tes entrailles...<br \/>\nTout est en toi depuis le commencement, va, aie confiance\u2026<\/em> \u00bb<\/p>\n[\/vc_column_text][\/vc_column][\/vc_row][vc_row type=\"in_container\" full_screen_row_position=\"middle\" column_margin=\"default\" column_direction=\"default\" column_direction_tablet=\"default\" column_direction_phone=\"default\" scene_position=\"center\" text_color=\"dark\" text_align=\"left\" row_border_radius=\"none\" row_border_radius_applies=\"bg\" overlay_strength=\"0.3\" gradient_direction=\"left_to_right\" shape_divider_position=\"bottom\" bg_image_animation=\"none\"][vc_column column_padding=\"no-extra-padding\" column_padding_tablet=\"inherit\" column_padding_phone=\"inherit\" column_padding_position=\"all\" centered_text=\"true\" background_color_opacity=\"1\" background_hover_color_opacity=\"1\" column_shadow=\"none\" column_border_radius=\"none\" column_link_target=\"_self\" gradient_direction=\"left_to_right\" overlay_strength=\"0.3\" width=\"1\/1\" tablet_width_inherit=\"default\" tablet_text_alignment=\"default\" phone_text_alignment=\"default\" column_border_width=\"none\" column_border_style=\"solid\" bg_image_animation=\"none\"][divider line_type=\"No Line\" custom_height=\"50px\"][nectar_btn size=\"jumbo\" open_new_tab=\"true\" button_style=\"see-through\" button_color_2=\"extra-color-gradient-2\" icon_family=\"fontawesome\" text=\"D\u00e9couvrir un Extrait\" url=\"https:\/\/www.editions-hope.com\/book\/whispers_jacques-being-of-light\/\" css_animation=\"none\" icon_fontawesome=\"fa fa-eye\"][\/vc_column][\/vc_row][vc_row type=\"in_container\" full_screen_row_position=\"middle\" column_margin=\"default\" column_direction=\"default\" column_direction_tablet=\"default\" column_direction_phone=\"default\" scene_position=\"center\" text_color=\"dark\" text_align=\"left\" row_border_radius=\"none\" row_border_radius_applies=\"bg\" overlay_strength=\"0.3\" gradient_direction=\"left_to_right\" shape_divider_position=\"bottom\" bg_image_animation=\"none\" shape_type=\"\"][vc_column column_padding=\"no-extra-padding\" column_padding_tablet=\"inherit\" column_padding_phone=\"inherit\" column_padding_position=\"all\" background_color_opacity=\"1\" background_hover_color_opacity=\"1\" column_shadow=\"none\" column_border_radius=\"none\" column_link_target=\"_self\" gradient_direction=\"left_to_right\" overlay_strength=\"0.3\" width=\"1\/1\" tablet_width_inherit=\"default\" tablet_text_alignment=\"default\" phone_text_alignment=\"default\" column_border_width=\"none\" column_border_style=\"solid\" bg_image_animation=\"none\"][divider line_type=\"No Line\" custom_height=\"50px\"][image_with_animation image_url=\"337\" animation=\"Fade In\" hover_animation=\"none\" alignment=\"center\" border_radius=\"none\" box_shadow=\"none\" image_loading=\"lazy-load\" max_width=\"100%\" max_width_mobile=\"default\"][divider line_type=\"No Line\" custom_height=\"50px\"][\/vc_column][\/vc_row][vc_row type=\"in_container\" full_screen_row_position=\"middle\" column_margin=\"default\" column_direction=\"default\" column_direction_tablet=\"default\" column_direction_phone=\"default\" scene_position=\"center\" text_color=\"dark\" text_align=\"left\" row_border_radius=\"none\" row_border_radius_applies=\"bg\" overlay_strength=\"0.3\" gradient_direction=\"left_to_right\" shape_divider_position=\"bottom\" bg_image_animation=\"none\" shape_type=\"\"][vc_column column_padding=\"no-extra-padding\" column_padding_tablet=\"inherit\" column_padding_phone=\"inherit\" column_padding_position=\"all\" background_color_opacity=\"1\" background_hover_color_opacity=\"1\" column_shadow=\"none\" column_border_radius=\"none\" column_link_target=\"_self\" gradient_direction=\"left_to_right\" overlay_strength=\"0.3\" width=\"1\/1\" tablet_width_inherit=\"default\" tablet_text_alignment=\"default\" phone_text_alignment=\"default\" column_border_width=\"none\" column_border_style=\"solid\" bg_image_animation=\"none\"][vc_column_text css_animation=\"fadeIn\"]\n<h2 style=\"text-align: justify; color: #8e9cad;\"><i class=\"fad fa-pen-nib\"><\/i> La trilogie <em>Murmures<\/em><\/h2>\n[\/vc_column_text][divider line_type=\"No Line\" custom_height=\"20px\"][vc_column_text css_animation=\"fadeIn\"]\n<p style=\"text-align: justify;\">\"La Trilogie de Murmures se d\u00e9livre \u00e0 travers trois rencontres : L'Enfant, <em>Jacques, Etre de Lumi\u00e8re<\/em>, l'Homme, <em>La Valse de l'Aigle<\/em> et la Femme, mi humaine mi cr\u00e9ature, <em>Allegoria<\/em>.\"<\/p>\n<p style=\"text-align: justify;\">Trois t\u00e9moignages qui peu \u00e0 peu nous plongent plus profond\u00e9ment dans cet Ailleurs, cet Invisible dont nul ne veut parler mais qui est toujours l\u00e0, bien pr\u00e9sent...<\/p>\n<p style=\"text-align: justify;\">Trois Murmures en bordure de ce Monde : l'Enfant qui ouvre les portes de la gen\u00e8se de notre Etre, cette Innocence qui nous rappelle l'enfant que nous \u00e9tions, l'Homme qui lib\u00e8re ces maux enfouis o\u00f9 le voile de l'illusion vole en \u00e9clat, la Cr\u00e9ature qui nous r\u00e9v\u00e8le le prisme de notre identit\u00e9 profonde qui permet \u00e0 notre potentiel de devenir r\u00e9el...\"<\/p>\n[\/vc_column_text][\/vc_column][\/vc_row][vc_row type=\"in_container\" full_screen_row_position=\"middle\" column_margin=\"default\" column_direction=\"default\" column_direction_tablet=\"default\" column_direction_phone=\"default\" scene_position=\"center\" text_color=\"dark\" text_align=\"left\" row_border_radius=\"none\" row_border_radius_applies=\"bg\" overlay_strength=\"0.3\" gradient_direction=\"left_to_right\" shape_divider_position=\"bottom\" bg_image_animation=\"none\" shape_type=\"\"][vc_column column_padding=\"no-extra-padding\" column_padding_tablet=\"inherit\" column_padding_phone=\"inherit\" column_padding_position=\"all\" background_color_opacity=\"1\" background_hover_color_opacity=\"1\" column_shadow=\"none\" column_border_radius=\"none\" column_link_target=\"_self\" gradient_direction=\"left_to_right\" overlay_strength=\"0.3\" width=\"1\/1\" tablet_width_inherit=\"default\" tablet_text_alignment=\"default\" phone_text_alignment=\"default\" column_border_width=\"none\" column_border_style=\"solid\" bg_image_animation=\"none\"][divider line_type=\"No Line\" custom_height=\"50px\"][image_with_animation image_url=\"335\" animation=\"Fade In\" hover_animation=\"none\" alignment=\"center\" border_radius=\"none\" box_shadow=\"none\" image_loading=\"lazy-load\" max_width=\"100%\" max_width_mobile=\"default\"][divider line_type=\"No Line\" custom_height=\"50px\"][\/vc_column][\/vc_row][vc_row type=\"in_container\" full_screen_row_position=\"middle\" column_margin=\"default\" column_direction=\"default\" column_direction_tablet=\"default\" column_direction_phone=\"default\" scene_position=\"center\" text_color=\"dark\" text_align=\"left\" row_border_radius=\"none\" row_border_radius_applies=\"bg\" overlay_strength=\"0.3\" gradient_direction=\"left_to_right\" shape_divider_position=\"bottom\" bg_image_animation=\"none\" shape_type=\"\"][vc_column column_padding=\"no-extra-padding\" column_padding_tablet=\"inherit\" column_padding_phone=\"inherit\" column_padding_position=\"all\" background_color_opacity=\"1\" background_hover_color_opacity=\"1\" column_shadow=\"none\" column_border_radius=\"none\" column_link_target=\"_self\" gradient_direction=\"left_to_right\" overlay_strength=\"0.3\" width=\"1\/1\" tablet_width_inherit=\"default\" tablet_text_alignment=\"default\" phone_text_alignment=\"default\" column_border_width=\"none\" column_border_style=\"solid\" bg_image_animation=\"none\"][vc_column_text css_animation=\"fadeIn\"]\n<p style=\"text-align: center;\">Format <strong>EPUB<\/strong> compatible avec les appareils suivants :<\/p>\n[\/vc_column_text][image_with_animation image_url=\"1773\" animation=\"Fade In\" hover_animation=\"none\" alignment=\"center\" border_radius=\"none\" box_shadow=\"none\" image_loading=\"default\" max_width=\"100%\" max_width_mobile=\"default\"][divider line_type=\"No Line\" custom_height=\"20px\"][vc_column_text css_animation=\"fadeIn\"]\n<p style=\"text-align: center;\">Format <strong>AZW3<\/strong> compatible avec Amazon Kindle\u2122<\/p>\n[\/vc_column_text][divider line_type=\"No Line\" custom_height=\"60px\"][\/vc_column][\/vc_row][vc_row type=\"in_container\" full_screen_row_position=\"middle\" column_margin=\"default\" equal_height=\"yes\" content_placement=\"middle\" column_direction=\"default\" column_direction_tablet=\"default\" column_direction_phone=\"default\" scene_position=\"center\" text_color=\"dark\" text_align=\"left\" row_border_radius=\"none\" row_border_radius_applies=\"bg\" overlay_strength=\"0.3\" gradient_direction=\"left_to_right\" shape_divider_position=\"bottom\" bg_image_animation=\"none\" shape_type=\"\"][vc_column column_padding=\"no-extra-padding\" column_padding_tablet=\"inherit\" column_padding_phone=\"inherit\" column_padding_position=\"all\" background_color_opacity=\"1\" background_hover_color_opacity=\"1\" column_shadow=\"none\" column_border_radius=\"none\" column_link_target=\"_self\" gradient_direction=\"left_to_right\" overlay_strength=\"0.3\" width=\"1\/3\" tablet_width_inherit=\"default\" tablet_text_alignment=\"default\" phone_text_alignment=\"default\" column_border_width=\"none\" column_border_style=\"solid\" bg_image_animation=\"none\"]<div class=\"nectar-social hover\" data-position=\"left\" data-color-override=\"override\"><span class=\"share-btn\"> <i class=\"icon-default-style steadysets-icon-share\"><\/i> Partager<\/span><div class=\"nectar-social-inner\"><a class='facebook-share nectar-sharing' href='#' title='Partager'>  <i class='fa fa-facebook'><\/i> <span class='social-text'>Partager<\/span> <\/a><a class='twitter-share nectar-sharing' href='#' title='Partager'> <i class='fa icon-salient-x-twitter'><\/i> <span class='social-text'>Partager<\/span> <\/a><a class='linkedin-share nectar-sharing' href='#' title='Partager'> <i class='fa fa-linkedin'><\/i> <span class='social-text'>Partager<\/span> <\/a><a class='pinterest-share nectar-sharing' href='#' title='Epingler'> <i class='fa fa-pinterest'><\/i> <span class='social-text'>Epingler<\/span> <\/a><\/div><div class=\"nectar-love-button\"><a href=\"#\" class=\"nectar-love\" id=\"nectar-love-1878\" title=\"Aimer cet article\"> <i class=\"icon-salient-heart-2\"><\/i><span class=\"love-text\">J\u2019aime<\/span><span class=\"total_loves\"><span class=\"nectar-love-count\">0<\/span><\/span><\/a><\/div><\/div>[\/vc_column][vc_column column_padding=\"no-extra-padding\" column_padding_tablet=\"inherit\" column_padding_phone=\"inherit\" column_padding_position=\"all\" centered_text=\"true\" background_color_opacity=\"1\" background_hover_color_opacity=\"1\" column_shadow=\"none\" column_border_radius=\"none\" column_link_target=\"_self\" gradient_direction=\"left_to_right\" overlay_strength=\"0.3\" width=\"1\/3\" tablet_width_inherit=\"default\" tablet_text_alignment=\"default\" phone_text_alignment=\"default\" column_border_width=\"none\" column_border_style=\"solid\" bg_image_animation=\"none\"][vc_column_text css_animation=\"fadeIn\"]\n<p style=\"text-align: center;\"><i class=\"fal fa-books\"><\/i> 1er livre de la trilogie <em>Whispers<\/em><br \/>\n<i class=\"fad fa-barcode\"><\/i> ISBN : 979-10-94249-19-2<\/p>\n[\/vc_column_text][\/vc_column][vc_column column_padding=\"no-extra-padding\" column_padding_tablet=\"inherit\" column_padding_phone=\"inherit\" column_padding_position=\"all\" background_color_opacity=\"1\" background_hover_color_opacity=\"1\" column_shadow=\"none\" column_border_radius=\"none\" column_link_target=\"_self\" gradient_direction=\"left_to_right\" overlay_strength=\"0.3\" width=\"1\/3\" tablet_width_inherit=\"default\" tablet_text_alignment=\"default\" phone_text_alignment=\"default\" column_border_width=\"none\" column_border_style=\"solid\" bg_image_animation=\"none\"][nectar_btn size=\"medium\" open_new_tab=\"true\" button_style=\"see-through\" button_color_2=\"extra-color-gradient-2\" icon_family=\"fontawesome\" el_class=\"alignright\" text=\"D\u00e9couvrir un Extrait\" url=\"https:\/\/www.editions-hope.com\/book\/whispers_jacques-being-of-light\/\" css_animation=\"none\" icon_fontawesome=\"fa fa-eye\"][\/vc_column][\/vc_row]\n","protected":false},"excerpt":{"rendered":"<p><span style=\"font-size: 22px;\">Un livre de <strong>Katy Danjou<\/strong><\/span><\/p>\n<p>\u00bb <em>Roman (en anglais)<\/em><\/p>\n","protected":false},"featured_media":1632,"comment_status":"open","ping_status":"closed","template":"","meta":[],"product_brand":[],"product_cat":[95],"product_tag":[71,85],"class_list":{"0":"post-1878","1":"product","2":"type-product","3":"status-publish","4":"has-post-thumbnail","6":"product_cat-ebooks-anglais","7":"product_tag-roman","8":"product_tag-trilogie","10":"first","11":"instock","12":"shipping-taxable","13":"purchasable","14":"product-type-variable","15":"has-default-attributes"},"_links":{"self":[{"href":"https:\/\/www.editions-hope.com\/fr\/wp-json\/wp\/v2\/product\/1878","targetHints":{"allow":["GET"]}}],"collection":[{"href":"https:\/\/www.editions-hope.com\/fr\/wp-json\/wp\/v2\/product"}],"about":[{"href":"https:\/\/www.editions-hope.com\/fr\/wp-json\/wp\/v2\/types\/product"}],"replies":[{"embeddable":true,"href":"https:\/\/www.editions-hope.com\/fr\/wp-json\/wp\/v2\/comments?post=1878"}],"wp:featuredmedia":[{"embeddable":true,"href":"https:\/\/www.editions-hope.com\/fr\/wp-json\/wp\/v2\/media\/1632"}],"wp:attachment":[{"href":"https:\/\/www.editions-hope.com\/fr\/wp-json\/wp\/v2\/media?parent=1878"}],"wp:term":[{"taxonomy":"product_brand","embeddable":true,"href":"https:\/\/www.editions-hope.com\/fr\/wp-json\/wp\/v2\/product_brand?post=1878"},{"taxonomy":"product_cat","embeddable":true,"href":"https:\/\/www.editions-hope.com\/fr\/wp-json\/wp\/v2\/product_cat?post=1878"},{"taxonomy":"product_tag","embeddable":true,"href":"https:\/\/www.editions-hope.com\/fr\/wp-json\/wp\/v2\/product_tag?post=1878"}],"curies":[{"name":"wp","href":"https:\/\/api.w.org\/{rel}","templated":true}]}}