{"id":1838,"date":"2020-06-15T18:48:51","date_gmt":"2020-06-15T16:48:51","guid":{"rendered":"https:\/\/www.editions-hope.com\/?post_type=product&#038;p=1838"},"modified":"2020-06-16T16:10:50","modified_gmt":"2020-06-16T14:10:50","slug":"ebook-murmures-la-valse-de-l-aigle","status":"publish","type":"product","link":"https:\/\/www.editions-hope.com\/fr\/boutique\/ebook-murmures-la-valse-de-l-aigle\/","title":{"rendered":"Murmures - La Valse de l'Aigle [eBook]"},"content":{"rendered":"[vc_row type=\"in_container\" full_screen_row_position=\"middle\" column_margin=\"default\" column_direction=\"default\" column_direction_tablet=\"default\" column_direction_phone=\"default\" scene_position=\"center\" text_color=\"dark\" text_align=\"left\" row_border_radius=\"none\" row_border_radius_applies=\"bg\" overlay_strength=\"0.3\" gradient_direction=\"left_to_right\" shape_divider_position=\"bottom\" bg_image_animation=\"none\" shape_type=\"\"][vc_column column_padding=\"no-extra-padding\" column_padding_tablet=\"inherit\" column_padding_phone=\"inherit\" column_padding_position=\"all\" background_color_opacity=\"1\" background_hover_color_opacity=\"1\" column_shadow=\"none\" column_border_radius=\"none\" column_link_target=\"_self\" gradient_direction=\"left_to_right\" overlay_strength=\"0.3\" width=\"1\/1\" tablet_width_inherit=\"default\" tablet_text_alignment=\"default\" phone_text_alignment=\"default\" column_border_width=\"none\" column_border_style=\"solid\" bg_image_animation=\"none\"][vc_column_text css_animation=\"fadeIn\"]\n<h2 style=\"text-align: justify; color: #8e9cad;\"><i class=\"fad fa-bookmark\"><\/i> R\u00e9sum\u00e9<\/h2>\n[\/vc_column_text][divider line_type=\"No Line\" custom_height=\"20px\"][vc_column_text css_animation=\"fadeIn\"]\n<p style=\"text-align: justify;\">Un cri strident d\u00e9chire les cieux. De Paris \u00e0 Reykjavik, l\u2019Aigle me conte une petite histoire anodine en apparence. Mon \u00eatre est \u00e9branl\u00e9. Mes mots et mes maux se lib\u00e8rent\u2026<\/p>\n<p style=\"text-align: justify;\">Le silence me murmure les secrets d\u2019un univers cach\u00e9. Le voile du myst\u00e8re se l\u00e8ve...<\/p>\n<p style=\"text-align: justify;\">L\u2019Aigle m\u2019invite \u00e0 suivre ses pas. Toutes les rencontres m\u2019emportent dans le tourbillon de sa valse \u00e0 mille temps\u2026<\/p>\n<p style=\"text-align: justify;\">Entour\u00e9e de nature sublime, les sensations enfouies, les \u00e9motions ressurgissent. Je l\u00e2che prise. Je suis \u00e0 nue. Je touche un invisible, impr\u00e9visible...<\/p>\n<p style=\"text-align: center;\">L\u2019Aigle me murmure :<br \/>\n\u00ab <em>Ton chemin en Islande<br \/>\nsera le plus douloureux<br \/>\net le plus sublime...<\/em> \u00bb<\/p>\n[\/vc_column_text][\/vc_column][\/vc_row][vc_row type=\"in_container\" full_screen_row_position=\"middle\" column_margin=\"default\" column_direction=\"default\" column_direction_tablet=\"default\" column_direction_phone=\"default\" scene_position=\"center\" text_color=\"dark\" text_align=\"left\" row_border_radius=\"none\" row_border_radius_applies=\"bg\" overlay_strength=\"0.3\" gradient_direction=\"left_to_right\" shape_divider_position=\"bottom\" bg_image_animation=\"none\"][vc_column column_padding=\"no-extra-padding\" column_padding_tablet=\"inherit\" column_padding_phone=\"inherit\" column_padding_position=\"all\" centered_text=\"true\" background_color_opacity=\"1\" background_hover_color_opacity=\"1\" column_shadow=\"none\" column_border_radius=\"none\" column_link_target=\"_self\" gradient_direction=\"left_to_right\" overlay_strength=\"0.3\" width=\"1\/1\" tablet_width_inherit=\"default\" tablet_text_alignment=\"default\" phone_text_alignment=\"default\" column_border_width=\"none\" column_border_style=\"solid\" bg_image_animation=\"none\"][divider line_type=\"No Line\" custom_height=\"50px\"][nectar_btn size=\"jumbo\" open_new_tab=\"true\" button_style=\"see-through\" button_color_2=\"extra-color-gradient-2\" icon_family=\"fontawesome\" text=\"D\u00e9couvrir un Extrait\" url=\"https:\/\/editions-hope.com\/book\/murmures_la-valse-de-l-aigle\/\" css_animation=\"none\" icon_fontawesome=\"fa fa-eye\"][\/vc_column][\/vc_row][vc_row type=\"in_container\" full_screen_row_position=\"middle\" column_margin=\"default\" column_direction=\"default\" column_direction_tablet=\"default\" column_direction_phone=\"default\" scene_position=\"center\" text_color=\"dark\" text_align=\"left\" row_border_radius=\"none\" row_border_radius_applies=\"bg\" overlay_strength=\"0.3\" gradient_direction=\"left_to_right\" shape_divider_position=\"bottom\" bg_image_animation=\"none\" shape_type=\"\"][vc_column column_padding=\"no-extra-padding\" column_padding_tablet=\"inherit\" column_padding_phone=\"inherit\" column_padding_position=\"all\" background_color_opacity=\"1\" background_hover_color_opacity=\"1\" column_shadow=\"none\" column_border_radius=\"none\" column_link_target=\"_self\" gradient_direction=\"left_to_right\" overlay_strength=\"0.3\" width=\"1\/1\" tablet_width_inherit=\"default\" tablet_text_alignment=\"default\" phone_text_alignment=\"default\" column_border_width=\"none\" column_border_style=\"solid\" bg_image_animation=\"none\"][divider line_type=\"No Line\" custom_height=\"50px\"][image_with_animation image_url=\"337\" animation=\"Fade In\" hover_animation=\"none\" alignment=\"center\" border_radius=\"none\" box_shadow=\"none\" image_loading=\"lazy-load\" max_width=\"100%\" max_width_mobile=\"default\"][divider line_type=\"No Line\" custom_height=\"50px\"][\/vc_column][\/vc_row][vc_row type=\"in_container\" full_screen_row_position=\"middle\" column_margin=\"default\" column_direction=\"default\" column_direction_tablet=\"default\" column_direction_phone=\"default\" scene_position=\"center\" text_color=\"dark\" text_align=\"left\" row_border_radius=\"none\" row_border_radius_applies=\"bg\" overlay_strength=\"0.3\" gradient_direction=\"left_to_right\" shape_divider_position=\"bottom\" bg_image_animation=\"none\" shape_type=\"\"][vc_column column_padding=\"no-extra-padding\" column_padding_tablet=\"inherit\" column_padding_phone=\"inherit\" column_padding_position=\"all\" background_color_opacity=\"1\" background_hover_color_opacity=\"1\" column_shadow=\"none\" column_border_radius=\"none\" column_link_target=\"_self\" gradient_direction=\"left_to_right\" overlay_strength=\"0.3\" width=\"1\/1\" tablet_width_inherit=\"default\" tablet_text_alignment=\"default\" phone_text_alignment=\"default\" column_border_width=\"none\" column_border_style=\"solid\" bg_image_animation=\"none\"][vc_column_text css_animation=\"fadeIn\"]\n<h2 style=\"text-align: justify; color: #8e9cad;\"><i class=\"fad fa-pen-nib\"><\/i> La trilogie <em>Murmures<\/em><\/h2>\n[\/vc_column_text][divider line_type=\"No Line\" custom_height=\"20px\"][vc_column_text css_animation=\"fadeIn\"]\n<p style=\"text-align: justify;\">\"La Trilogie de Murmures se d\u00e9livre \u00e0 travers trois rencontres : L'Enfant, <em>Jacques, Etre de Lumi\u00e8re<\/em>, l'Homme, <em>La Valse de l'Aigle<\/em> et la Femme, mi humaine mi cr\u00e9ature, <em>Allegoria<\/em>.<\/p>\n<p style=\"text-align: justify;\">Trois t\u00e9moignages qui peu \u00e0 peu nous plongent plus profond\u00e9ment dans cet Ailleurs, cet Invisible dont nul ne veut parler mais qui est toujours l\u00e0, bien pr\u00e9sent...<\/p>\n<p style=\"text-align: justify;\">Trois Murmures en bordure de ce Monde : l'Enfant qui ouvre les portes de la gen\u00e8se de notre Etre, cette Innocence qui nous rappelle l'enfant que nous \u00e9tions, l'Homme qui lib\u00e8re ces maux enfouis o\u00f9 le voile de l'illusion vole en \u00e9clat, la Cr\u00e9ature qui nous r\u00e9v\u00e8le le prisme de notre identit\u00e9 profonde qui permet \u00e0 notre potentiel de devenir r\u00e9el...\"<\/p>\n[\/vc_column_text][\/vc_column][\/vc_row][vc_row type=\"in_container\" full_screen_row_position=\"middle\" column_margin=\"default\" column_direction=\"default\" column_direction_tablet=\"default\" column_direction_phone=\"default\" scene_position=\"center\" text_color=\"dark\" text_align=\"left\" row_border_radius=\"none\" row_border_radius_applies=\"bg\" overlay_strength=\"0.3\" gradient_direction=\"left_to_right\" shape_divider_position=\"bottom\" bg_image_animation=\"none\" shape_type=\"\"][vc_column column_padding=\"no-extra-padding\" column_padding_tablet=\"inherit\" column_padding_phone=\"inherit\" column_padding_position=\"all\" background_color_opacity=\"1\" background_hover_color_opacity=\"1\" column_shadow=\"none\" column_border_radius=\"none\" column_link_target=\"_self\" gradient_direction=\"left_to_right\" overlay_strength=\"0.3\" width=\"1\/1\" tablet_width_inherit=\"default\" tablet_text_alignment=\"default\" phone_text_alignment=\"default\" column_border_width=\"none\" column_border_style=\"solid\" bg_image_animation=\"none\"][divider line_type=\"No Line\" custom_height=\"50px\"][image_with_animation image_url=\"335\" animation=\"Fade In\" hover_animation=\"none\" alignment=\"center\" border_radius=\"none\" box_shadow=\"none\" image_loading=\"lazy-load\" max_width=\"100%\" max_width_mobile=\"default\"][divider line_type=\"No Line\" custom_height=\"50px\"][\/vc_column][\/vc_row][vc_row type=\"in_container\" full_screen_row_position=\"middle\" column_margin=\"default\" column_direction=\"default\" column_direction_tablet=\"default\" column_direction_phone=\"default\" scene_position=\"center\" text_color=\"dark\" text_align=\"left\" row_border_radius=\"none\" row_border_radius_applies=\"bg\" overlay_strength=\"0.3\" gradient_direction=\"left_to_right\" shape_divider_position=\"bottom\" bg_image_animation=\"none\" shape_type=\"\"][vc_column column_padding=\"no-extra-padding\" column_padding_tablet=\"inherit\" column_padding_phone=\"inherit\" column_padding_position=\"all\" background_color_opacity=\"1\" background_hover_color_opacity=\"1\" column_shadow=\"none\" column_border_radius=\"none\" column_link_target=\"_self\" gradient_direction=\"left_to_right\" overlay_strength=\"0.3\" width=\"1\/1\" tablet_width_inherit=\"default\" tablet_text_alignment=\"default\" phone_text_alignment=\"default\" column_border_width=\"none\" column_border_style=\"solid\" bg_image_animation=\"none\"][vc_column_text css_animation=\"fadeIn\"]\n<p style=\"text-align: center;\">Format <strong>EPUB<\/strong> compatible avec les appareils suivants :<\/p>\n[\/vc_column_text][image_with_animation image_url=\"1773\" animation=\"Fade In\" hover_animation=\"none\" alignment=\"center\" border_radius=\"none\" box_shadow=\"none\" image_loading=\"default\" max_width=\"100%\" max_width_mobile=\"default\"][divider line_type=\"No Line\" custom_height=\"20px\"][vc_column_text css_animation=\"fadeIn\"]\n<p style=\"text-align: center;\">Format <strong>AZW3<\/strong> compatible avec Amazon Kindle\u2122<\/p>\n[\/vc_column_text][divider line_type=\"No Line\" custom_height=\"60px\"][\/vc_column][\/vc_row][vc_row type=\"in_container\" full_screen_row_position=\"middle\" column_margin=\"default\" equal_height=\"yes\" content_placement=\"middle\" column_direction=\"default\" column_direction_tablet=\"default\" column_direction_phone=\"default\" scene_position=\"center\" text_color=\"dark\" text_align=\"left\" row_border_radius=\"none\" row_border_radius_applies=\"bg\" overlay_strength=\"0.3\" gradient_direction=\"left_to_right\" shape_divider_position=\"bottom\" bg_image_animation=\"none\" shape_type=\"\"][vc_column column_padding=\"no-extra-padding\" column_padding_tablet=\"inherit\" column_padding_phone=\"inherit\" column_padding_position=\"all\" background_color_opacity=\"1\" background_hover_color_opacity=\"1\" column_shadow=\"none\" column_border_radius=\"none\" column_link_target=\"_self\" gradient_direction=\"left_to_right\" overlay_strength=\"0.3\" width=\"1\/3\" tablet_width_inherit=\"default\" tablet_text_alignment=\"default\" phone_text_alignment=\"default\" column_border_width=\"none\" column_border_style=\"solid\" bg_image_animation=\"none\"]<div class=\"nectar-social hover\" data-position=\"left\" data-color-override=\"override\"><span class=\"share-btn\"> <i class=\"icon-default-style steadysets-icon-share\"><\/i> Partager<\/span><div class=\"nectar-social-inner\"><a class='facebook-share nectar-sharing' href='#' title='Partager'>  <i class='fa fa-facebook'><\/i> <span class='social-text'>Partager<\/span> <\/a><a class='twitter-share nectar-sharing' href='#' title='Partager'> <i class='fa icon-salient-x-twitter'><\/i> <span class='social-text'>Partager<\/span> <\/a><a class='linkedin-share nectar-sharing' href='#' title='Partager'> <i class='fa fa-linkedin'><\/i> <span class='social-text'>Partager<\/span> <\/a><a class='pinterest-share nectar-sharing' href='#' title='Epingler'> <i class='fa fa-pinterest'><\/i> <span class='social-text'>Epingler<\/span> <\/a><\/div><div class=\"nectar-love-button\"><a href=\"#\" class=\"nectar-love\" id=\"nectar-love-1838\" title=\"Aimer cet article\"> <i class=\"icon-salient-heart-2\"><\/i><span class=\"love-text\">J\u2019aime<\/span><span class=\"total_loves\"><span class=\"nectar-love-count\">0<\/span><\/span><\/a><\/div><\/div>[\/vc_column][vc_column column_padding=\"no-extra-padding\" column_padding_tablet=\"inherit\" column_padding_phone=\"inherit\" column_padding_position=\"all\" centered_text=\"true\" background_color_opacity=\"1\" background_hover_color_opacity=\"1\" column_shadow=\"none\" column_border_radius=\"none\" column_link_target=\"_self\" gradient_direction=\"left_to_right\" overlay_strength=\"0.3\" width=\"1\/3\" tablet_width_inherit=\"default\" tablet_text_alignment=\"default\" phone_text_alignment=\"default\" column_border_width=\"none\" column_border_style=\"solid\" bg_image_animation=\"none\"][vc_column_text css_animation=\"fadeIn\"]\n<p style=\"text-align: center;\"><i class=\"fal fa-books\"><\/i> 2\u00e8me livre de la trilogie <em>Murmures<\/em><br \/>\n<i class=\"fad fa-barcode\"><\/i> ISBN : 9791094249239<\/p>\n[\/vc_column_text][\/vc_column][vc_column column_padding=\"no-extra-padding\" column_padding_tablet=\"inherit\" column_padding_phone=\"inherit\" column_padding_position=\"all\" background_color_opacity=\"1\" background_hover_color_opacity=\"1\" column_shadow=\"none\" column_border_radius=\"none\" column_link_target=\"_self\" gradient_direction=\"left_to_right\" overlay_strength=\"0.3\" width=\"1\/3\" tablet_width_inherit=\"default\" tablet_text_alignment=\"default\" phone_text_alignment=\"default\" column_border_width=\"none\" column_border_style=\"solid\" bg_image_animation=\"none\"][nectar_btn size=\"medium\" open_new_tab=\"true\" button_style=\"see-through\" button_color_2=\"extra-color-gradient-2\" icon_family=\"fontawesome\" el_class=\"alignright\" text=\"D\u00e9couvrir un Extrait\" url=\"https:\/\/editions-hope.com\/book\/murmures_la-valse-de-l-aigle\/\" css_animation=\"none\" icon_fontawesome=\"fa fa-eye\"][\/vc_column][\/vc_row]\n","protected":false},"excerpt":{"rendered":"<p><span style=\"font-size: 22px;\">Un livre de <strong>Katy Danjou<\/strong><\/span><\/p>\n<p>\u00bb <em>Roman <\/em><\/p>\n","protected":false},"featured_media":1564,"comment_status":"open","ping_status":"closed","template":"","meta":[],"product_brand":[],"product_cat":[96],"product_tag":[71,85],"class_list":{"0":"post-1838","1":"product","2":"type-product","3":"status-publish","4":"has-post-thumbnail","6":"product_cat-ebooks-francais","7":"product_tag-roman","8":"product_tag-trilogie","10":"first","11":"instock","12":"shipping-taxable","13":"purchasable","14":"product-type-variable","15":"has-default-attributes"},"_links":{"self":[{"href":"https:\/\/www.editions-hope.com\/fr\/wp-json\/wp\/v2\/product\/1838","targetHints":{"allow":["GET"]}}],"collection":[{"href":"https:\/\/www.editions-hope.com\/fr\/wp-json\/wp\/v2\/product"}],"about":[{"href":"https:\/\/www.editions-hope.com\/fr\/wp-json\/wp\/v2\/types\/product"}],"replies":[{"embeddable":true,"href":"https:\/\/www.editions-hope.com\/fr\/wp-json\/wp\/v2\/comments?post=1838"}],"wp:featuredmedia":[{"embeddable":true,"href":"https:\/\/www.editions-hope.com\/fr\/wp-json\/wp\/v2\/media\/1564"}],"wp:attachment":[{"href":"https:\/\/www.editions-hope.com\/fr\/wp-json\/wp\/v2\/media?parent=1838"}],"wp:term":[{"taxonomy":"product_brand","embeddable":true,"href":"https:\/\/www.editions-hope.com\/fr\/wp-json\/wp\/v2\/product_brand?post=1838"},{"taxonomy":"product_cat","embeddable":true,"href":"https:\/\/www.editions-hope.com\/fr\/wp-json\/wp\/v2\/product_cat?post=1838"},{"taxonomy":"product_tag","embeddable":true,"href":"https:\/\/www.editions-hope.com\/fr\/wp-json\/wp\/v2\/product_tag?post=1838"}],"curies":[{"name":"wp","href":"https:\/\/api.w.org\/{rel}","templated":true}]}}