{"id":1754,"date":"2020-06-15T15:42:07","date_gmt":"2020-06-15T13:42:07","guid":{"rendered":"https:\/\/www.editions-hope.com\/?post_type=product&#038;p=1754"},"modified":"2020-06-15T17:38:22","modified_gmt":"2020-06-15T15:38:22","slug":"ebook-le-chemin-dun-iris-blanc","status":"publish","type":"product","link":"https:\/\/www.editions-hope.com\/fr\/boutique\/ebook-le-chemin-dun-iris-blanc\/","title":{"rendered":"Le Chemin d'un Iris Blanc [eBook]"},"content":{"rendered":"[vc_row type=\"in_container\" full_screen_row_position=\"middle\" column_margin=\"default\" column_direction=\"default\" column_direction_tablet=\"default\" column_direction_phone=\"default\" scene_position=\"center\" text_color=\"dark\" text_align=\"left\" row_border_radius=\"none\" row_border_radius_applies=\"bg\" overlay_strength=\"0.3\" gradient_direction=\"left_to_right\" shape_divider_position=\"bottom\" bg_image_animation=\"none\" shape_type=\"\"][vc_column column_padding=\"no-extra-padding\" column_padding_tablet=\"inherit\" column_padding_phone=\"inherit\" column_padding_position=\"all\" background_color_opacity=\"1\" background_hover_color_opacity=\"1\" column_shadow=\"none\" column_border_radius=\"none\" column_link_target=\"_self\" gradient_direction=\"left_to_right\" overlay_strength=\"0.3\" width=\"1\/1\" tablet_width_inherit=\"default\" tablet_text_alignment=\"default\" phone_text_alignment=\"default\" column_border_width=\"none\" column_border_style=\"solid\" bg_image_animation=\"none\"][vc_column_text css_animation=\"fadeIn\"]\n<h2 style=\"text-align: justify; color: #8e9cad;\"><i class=\"fad fa-bookmark\"><\/i> R\u00e9sum\u00e9<\/h2>\n[\/vc_column_text][divider line_type=\"No Line\" custom_height=\"20px\"][vc_column_text css_animation=\"fadeIn\"]\n<p style=\"text-align: justify;\">\"La violence peut \u00eatre psychologique, plus insidieuse. Elle agit dans le silence de la nuit consumant \u00e0 petit feu votre int\u00e9rieur, votre \u00eatre, le torture jusqu\u2019\u00e0 l\u2019an\u00e9antir\u2026 Je ne veux froisser personne mais telle est mon histoire. Mon corps est un corps meurtri. Je porte en moi cette diff\u00e9rence qui me colle \u00e0 la peau. J\u2019ai tellement assum\u00e9 les routes que j\u2019ai pu prendre que j\u2019ai oubli\u00e9 qu'en chemin des personnes y ont tout de m\u00eame contribu\u00e9. Pour r\u00e9sister et me d\u00e9fendre, je me suis cr\u00e9\u00e9 un monde parall\u00e8le. Je me suis projet\u00e9e en bordure du monde tel l\u2019Iris Blanc de Van Gogh. Je vous invite dans les m\u00e9andres de mon monde int\u00e9rieur. Bonne route. Peut-\u00eatre nous retrouverons nous au bout de ce long chemin ? Qui peut savoir ?...\"<\/p>\n[\/vc_column_text][\/vc_column][\/vc_row][vc_row type=\"in_container\" full_screen_row_position=\"middle\" column_margin=\"default\" column_direction=\"default\" column_direction_tablet=\"default\" column_direction_phone=\"default\" scene_position=\"center\" text_color=\"dark\" text_align=\"left\" row_border_radius=\"none\" row_border_radius_applies=\"bg\" overlay_strength=\"0.3\" gradient_direction=\"left_to_right\" shape_divider_position=\"bottom\" bg_image_animation=\"none\"][vc_column column_padding=\"no-extra-padding\" column_padding_tablet=\"inherit\" column_padding_phone=\"inherit\" column_padding_position=\"all\" centered_text=\"true\" background_color_opacity=\"1\" background_hover_color_opacity=\"1\" column_shadow=\"none\" column_border_radius=\"none\" column_link_target=\"_self\" gradient_direction=\"left_to_right\" overlay_strength=\"0.3\" width=\"1\/1\" tablet_width_inherit=\"default\" tablet_text_alignment=\"default\" phone_text_alignment=\"default\" column_border_width=\"none\" column_border_style=\"solid\" bg_image_animation=\"none\"][divider line_type=\"No Line\" custom_height=\"50px\"][nectar_btn size=\"jumbo\" open_new_tab=\"true\" button_style=\"see-through\" button_color_2=\"extra-color-gradient-2\" icon_family=\"fontawesome\" text=\"D\u00e9couvrir un Extrait\" url=\"https:\/\/www.editions-hope.com\/book\/le-chemin-d-un-iris-blanc\/\" css_animation=\"none\" icon_fontawesome=\"fa fa-eye\"][\/vc_column][\/vc_row][vc_row type=\"in_container\" full_screen_row_position=\"middle\" column_margin=\"default\" column_direction=\"default\" column_direction_tablet=\"default\" column_direction_phone=\"default\" scene_position=\"center\" text_color=\"dark\" text_align=\"left\" row_border_radius=\"none\" row_border_radius_applies=\"bg\" overlay_strength=\"0.3\" gradient_direction=\"left_to_right\" shape_divider_position=\"bottom\" bg_image_animation=\"none\" shape_type=\"\"][vc_column column_padding=\"no-extra-padding\" column_padding_tablet=\"inherit\" column_padding_phone=\"inherit\" column_padding_position=\"all\" background_color_opacity=\"1\" background_hover_color_opacity=\"1\" column_shadow=\"none\" column_border_radius=\"none\" column_link_target=\"_self\" gradient_direction=\"left_to_right\" overlay_strength=\"0.3\" width=\"1\/1\" tablet_width_inherit=\"default\" tablet_text_alignment=\"default\" phone_text_alignment=\"default\" column_border_width=\"none\" column_border_style=\"solid\" bg_image_animation=\"none\"][divider line_type=\"No Line\" custom_height=\"50px\"][image_with_animation image_url=\"337\" animation=\"Fade In\" hover_animation=\"none\" alignment=\"center\" border_radius=\"none\" box_shadow=\"none\" image_loading=\"lazy-load\" max_width=\"100%\" max_width_mobile=\"default\"][divider line_type=\"No Line\" custom_height=\"50px\"][\/vc_column][\/vc_row][vc_row type=\"in_container\" full_screen_row_position=\"middle\" column_margin=\"default\" column_direction=\"default\" column_direction_tablet=\"default\" column_direction_phone=\"default\" scene_position=\"center\" text_color=\"dark\" text_align=\"left\" row_border_radius=\"none\" row_border_radius_applies=\"bg\" overlay_strength=\"0.3\" gradient_direction=\"left_to_right\" shape_divider_position=\"bottom\" bg_image_animation=\"none\" shape_type=\"\"][vc_column column_padding=\"no-extra-padding\" column_padding_tablet=\"inherit\" column_padding_phone=\"inherit\" column_padding_position=\"all\" background_color_opacity=\"1\" background_hover_color_opacity=\"1\" column_shadow=\"none\" column_border_radius=\"none\" column_link_target=\"_self\" gradient_direction=\"left_to_right\" overlay_strength=\"0.3\" width=\"1\/1\" tablet_width_inherit=\"default\" tablet_text_alignment=\"default\" phone_text_alignment=\"default\" column_border_width=\"none\" column_border_style=\"solid\" bg_image_animation=\"none\"][vc_column_text css_animation=\"fadeIn\"]\n<h2 style=\"text-align: justify; color: #8e9cad;\"><i class=\"fad fa-pen-nib\"><\/i> Le mot de l'Auteur<\/h2>\n[\/vc_column_text][divider line_type=\"No Line\" custom_height=\"20px\"][vc_column_text css_animation=\"fadeIn\"]\n<p style=\"text-align: justify;\">\"Raconter ma vie pour raconter ma vie n\u2019aurait eu aucun sens, ni aucun int\u00e9r\u00eat. Ce que j\u2019ai voulu exprimer dans ce livre, c\u2019est ma vision du Monde mais une telle vision ne se construit pas par hasard. Il existe un commencement, un cheminement \u00e9tape par \u00e9tape qui a fait de moi ce que je suis.<\/p>\n<p style=\"text-align: justify;\">Bien s\u00fbr, je l\u2019ai choisi ce chemin et je ne regrette rien parce que j\u2019ai eu cette chance inou\u00efe de rencontrer des \u00catres exceptionnels et extraordinaires\u2026 Ainsi, je n\u2019oublierai pas ce que je suis et qui je suis\u2026<\/p>\n<p style=\"text-align: justify;\">Il ne d\u00e9crit pas deux mondes parall\u00e8les mais un Monde, le mien ! C\u2019est par et \u00e0 travers ma Diff\u00e9rence que je suis ce que je suis alors pourquoi m\u2019en d\u00e9livrer ? Non, au contraire je le livre au Monde ! C\u2019est l\u00e0 qu\u2019est la m\u00e9tamorphose, de s\u2019accepter tel que l\u2019on est et oser le dire\u2026<\/p>\n<p style=\"text-align: justify;\">Ce livre ne parle pas de maltraitance mais de la violence de la Vie qui nous assaille jour apr\u00e8s jour, de cette difficult\u00e9 de vivre. J\u2019explique comment je me suis d\u00e9fendue, comment je me suis construite et tout ce qui m\u2019a amen\u00e9 \u00e0 avoir cette vision du Monde\u2026\"<\/p>\n[\/vc_column_text][divider line_type=\"No Line\" custom_height=\"20px\"][vc_column_text css_animation=\"fadeIn\"]\n<p style=\"text-align: center;\"><em><strong>Au <\/strong><strong>Commencement<\/strong><\/em>, est la diff\u00e9rence<br \/>\nque je porte dans ma chair, mon corps.<br \/>\nLa Chose r\u00f4de, ma Lumi\u00e8re veille en silence.<br \/>\nCette diff\u00e9rence me propulse peu \u00e0 peu en bordure du monde.<br \/>\nLa B\u00eate surgit alors de mon int\u00e9rieur, une B\u00eate immonde, vengeresse.<br \/>\nLe foss\u00e9 entre le Monde et moi\u00a0se creuse peu \u00e0 peu.<\/p>\n<p style=\"text-align: center;\">A l\u2019aube de l\u2019adolescence,\u00a0la <strong><em>Cassure<\/em><\/strong> m\u2019entra\u00eene.<br \/>\nMon \u00eatre s\u2019enfonce dans les m\u00e9andres\u00a0de ma nuit profonde.<br \/>\nJe me construis dans un mode masochiste\u00a0me battant jusqu\u2019\u00e0 l\u2019extr\u00eame.<br \/>\nMon monde int\u00e9rieur s\u2019enrichit, se construit.<br \/>\nIl me permet de survivre.<br \/>\nIl se peuple de mots, d\u2019images,\u00a0de sons, de savoirs.<br \/>\nLa B\u00eate se tait.<\/p>\n<p style=\"text-align: center;\">Je r\u00e9siste mais le navire vogue\u00a0dans cette mer d\u2019<em><strong>Errance<\/strong><\/em>.<br \/>\nLe Mal se propage lentement tentant de m\u2019an\u00e9antir toujours et encore.<br \/>\nDes \u00eatres m\u2019entourent pourtant, pointant du doigt le chemin de ma d\u00e9livrance<\/p>\n<p style=\"text-align: center;\">La <em><strong>M\u00e9tamorphose<\/strong><\/em>, renaissance de l\u2019\u00eatre,<br \/>\nsera-t-elle au bout de ce chemin ?<\/p>\n<p style=\"text-align: center;\">Telle est la destin\u00e9e et<em><strong> le Chemin d\u2019un Iris Blanc<\/strong><\/em>.<br \/>\nLe silence se brise \u00a0le temps d\u2019un claquement d\u2019aile,<br \/>\nles mots surgissent alors dans un ultime hurlement<br \/>\nr\u00e9v\u00e9lant son intimit\u00e9 profonde\u2026<\/p>\n[\/vc_column_text][\/vc_column][\/vc_row][vc_row type=\"in_container\" full_screen_row_position=\"middle\" column_margin=\"default\" column_direction=\"default\" column_direction_tablet=\"default\" column_direction_phone=\"default\" scene_position=\"center\" text_color=\"dark\" text_align=\"left\" row_border_radius=\"none\" row_border_radius_applies=\"bg\" overlay_strength=\"0.3\" gradient_direction=\"left_to_right\" shape_divider_position=\"bottom\" bg_image_animation=\"none\" shape_type=\"\"][vc_column column_padding=\"no-extra-padding\" column_padding_tablet=\"inherit\" column_padding_phone=\"inherit\" column_padding_position=\"all\" background_color_opacity=\"1\" background_hover_color_opacity=\"1\" column_shadow=\"none\" column_border_radius=\"none\" column_link_target=\"_self\" gradient_direction=\"left_to_right\" overlay_strength=\"0.3\" width=\"1\/1\" tablet_width_inherit=\"default\" tablet_text_alignment=\"default\" phone_text_alignment=\"default\" column_border_width=\"none\" column_border_style=\"solid\" bg_image_animation=\"none\"][divider line_type=\"No Line\" custom_height=\"50px\"][image_with_animation image_url=\"335\" animation=\"Fade In\" hover_animation=\"none\" alignment=\"center\" border_radius=\"none\" box_shadow=\"none\" image_loading=\"lazy-load\" max_width=\"100%\" max_width_mobile=\"default\"][divider line_type=\"No Line\" custom_height=\"50px\"][\/vc_column][\/vc_row][vc_row type=\"in_container\" full_screen_row_position=\"middle\" column_margin=\"default\" column_direction=\"default\" column_direction_tablet=\"default\" column_direction_phone=\"default\" scene_position=\"center\" text_color=\"dark\" text_align=\"left\" row_border_radius=\"none\" row_border_radius_applies=\"bg\" overlay_strength=\"0.3\" gradient_direction=\"left_to_right\" shape_divider_position=\"bottom\" bg_image_animation=\"none\" shape_type=\"\"][vc_column column_padding=\"no-extra-padding\" column_padding_tablet=\"inherit\" column_padding_phone=\"inherit\" column_padding_position=\"all\" background_color_opacity=\"1\" background_hover_color_opacity=\"1\" column_shadow=\"none\" column_border_radius=\"none\" column_link_target=\"_self\" gradient_direction=\"left_to_right\" overlay_strength=\"0.3\" width=\"1\/1\" tablet_width_inherit=\"default\" tablet_text_alignment=\"default\" phone_text_alignment=\"default\" column_border_width=\"none\" column_border_style=\"solid\" bg_image_animation=\"none\"][vc_column_text css_animation=\"fadeIn\"]\n<p style=\"text-align: center;\">Format <strong>EPUB<\/strong> compatible avec les appareils suivants :<\/p>\n[\/vc_column_text][image_with_animation image_url=\"1773\" animation=\"Fade In\" hover_animation=\"none\" alignment=\"center\" border_radius=\"none\" box_shadow=\"none\" image_loading=\"default\" max_width=\"100%\" max_width_mobile=\"default\"][divider line_type=\"No Line\" custom_height=\"20px\"][vc_column_text css_animation=\"fadeIn\"]\n<p style=\"text-align: center;\">Format <strong>AZW3<\/strong> compatible avec Amazon Kindle\u2122<\/p>\n[\/vc_column_text][divider line_type=\"No Line\" custom_height=\"60px\"][\/vc_column][\/vc_row][vc_row type=\"in_container\" full_screen_row_position=\"middle\" column_margin=\"default\" equal_height=\"yes\" content_placement=\"middle\" column_direction=\"default\" column_direction_tablet=\"default\" column_direction_phone=\"default\" scene_position=\"center\" text_color=\"dark\" text_align=\"left\" row_border_radius=\"none\" row_border_radius_applies=\"bg\" overlay_strength=\"0.3\" gradient_direction=\"left_to_right\" shape_divider_position=\"bottom\" bg_image_animation=\"none\" shape_type=\"\"][vc_column column_padding=\"no-extra-padding\" column_padding_tablet=\"inherit\" column_padding_phone=\"inherit\" column_padding_position=\"all\" background_color_opacity=\"1\" background_hover_color_opacity=\"1\" column_shadow=\"none\" column_border_radius=\"none\" column_link_target=\"_self\" gradient_direction=\"left_to_right\" overlay_strength=\"0.3\" width=\"1\/3\" tablet_width_inherit=\"default\" tablet_text_alignment=\"default\" phone_text_alignment=\"default\" column_border_width=\"none\" column_border_style=\"solid\" bg_image_animation=\"none\"]<div class=\"nectar-social hover\" data-position=\"left\" data-color-override=\"override\"><span class=\"share-btn\"> <i class=\"icon-default-style steadysets-icon-share\"><\/i> Partager<\/span><div class=\"nectar-social-inner\"><a class='facebook-share nectar-sharing' href='#' title='Partager'>  <i class='fa fa-facebook'><\/i> <span class='social-text'>Partager<\/span> <\/a><a class='twitter-share nectar-sharing' href='#' title='Partager'> <i class='fa icon-salient-x-twitter'><\/i> <span class='social-text'>Partager<\/span> <\/a><a class='linkedin-share nectar-sharing' href='#' title='Partager'> <i class='fa fa-linkedin'><\/i> <span class='social-text'>Partager<\/span> <\/a><a class='pinterest-share nectar-sharing' href='#' title='Epingler'> <i class='fa fa-pinterest'><\/i> <span class='social-text'>Epingler<\/span> <\/a><\/div><div class=\"nectar-love-button\"><a href=\"#\" class=\"nectar-love\" id=\"nectar-love-1754\" title=\"Aimer cet article\"> <i class=\"icon-salient-heart-2\"><\/i><span class=\"love-text\">J\u2019aime<\/span><span class=\"total_loves\"><span class=\"nectar-love-count\">0<\/span><\/span><\/a><\/div><\/div>[\/vc_column][vc_column column_padding=\"no-extra-padding\" column_padding_tablet=\"inherit\" column_padding_phone=\"inherit\" column_padding_position=\"all\" centered_text=\"true\" background_color_opacity=\"1\" background_hover_color_opacity=\"1\" column_shadow=\"none\" column_border_radius=\"none\" column_link_target=\"_self\" gradient_direction=\"left_to_right\" overlay_strength=\"0.3\" width=\"1\/3\" tablet_width_inherit=\"default\" tablet_text_alignment=\"default\" phone_text_alignment=\"default\" column_border_width=\"none\" column_border_style=\"solid\" bg_image_animation=\"none\"][vc_column_text css_animation=\"fadeIn\"]\n<p style=\"text-align: center;\"><i class=\"fal fa-image\"><\/i> Photos de <a href=\"http:\/\/www.andyjulia.com\" target=\"_blank\" rel=\"noopener noreferrer\">Andy Julia<\/a><br \/>\n<i class=\"fad fa-barcode\"><\/i> ISBN : 979-10-94249-00-0<\/p>\n[\/vc_column_text][\/vc_column][vc_column column_padding=\"no-extra-padding\" column_padding_tablet=\"inherit\" column_padding_phone=\"inherit\" column_padding_position=\"all\" background_color_opacity=\"1\" background_hover_color_opacity=\"1\" column_shadow=\"none\" column_border_radius=\"none\" column_link_target=\"_self\" gradient_direction=\"left_to_right\" overlay_strength=\"0.3\" width=\"1\/3\" tablet_width_inherit=\"default\" tablet_text_alignment=\"default\" phone_text_alignment=\"default\" column_border_width=\"none\" column_border_style=\"solid\" bg_image_animation=\"none\"][nectar_btn size=\"medium\" open_new_tab=\"true\" button_style=\"see-through\" button_color_2=\"extra-color-gradient-2\" icon_family=\"fontawesome\" el_class=\"alignright\" text=\"D\u00e9couvrir un Extrait\" url=\"https:\/\/www.editions-hope.com\/book\/le-chemin-d-un-iris-blanc\/\" css_animation=\"none\" icon_fontawesome=\"fa fa-eye\"][\/vc_column][\/vc_row]\n","protected":false},"excerpt":{"rendered":"<p><span style=\"font-size: 22px;\">Un livre de <strong>Katy Danjou<\/strong><\/span><\/p>\n<p>\u00bb <em>Roman Autobiographique<\/em><\/p>\n","protected":false},"featured_media":1777,"comment_status":"open","ping_status":"closed","template":"","meta":[],"product_brand":[],"product_cat":[96],"product_tag":[72,71],"class_list":{"0":"post-1754","1":"product","2":"type-product","3":"status-publish","4":"has-post-thumbnail","6":"product_cat-ebooks-francais","7":"product_tag-autobiographie","8":"product_tag-roman","10":"first","11":"instock","12":"shipping-taxable","13":"purchasable","14":"product-type-variable","15":"has-default-attributes"},"_links":{"self":[{"href":"https:\/\/www.editions-hope.com\/fr\/wp-json\/wp\/v2\/product\/1754","targetHints":{"allow":["GET"]}}],"collection":[{"href":"https:\/\/www.editions-hope.com\/fr\/wp-json\/wp\/v2\/product"}],"about":[{"href":"https:\/\/www.editions-hope.com\/fr\/wp-json\/wp\/v2\/types\/product"}],"replies":[{"embeddable":true,"href":"https:\/\/www.editions-hope.com\/fr\/wp-json\/wp\/v2\/comments?post=1754"}],"wp:featuredmedia":[{"embeddable":true,"href":"https:\/\/www.editions-hope.com\/fr\/wp-json\/wp\/v2\/media\/1777"}],"wp:attachment":[{"href":"https:\/\/www.editions-hope.com\/fr\/wp-json\/wp\/v2\/media?parent=1754"}],"wp:term":[{"taxonomy":"product_brand","embeddable":true,"href":"https:\/\/www.editions-hope.com\/fr\/wp-json\/wp\/v2\/product_brand?post=1754"},{"taxonomy":"product_cat","embeddable":true,"href":"https:\/\/www.editions-hope.com\/fr\/wp-json\/wp\/v2\/product_cat?post=1754"},{"taxonomy":"product_tag","embeddable":true,"href":"https:\/\/www.editions-hope.com\/fr\/wp-json\/wp\/v2\/product_tag?post=1754"}],"curies":[{"name":"wp","href":"https:\/\/api.w.org\/{rel}","templated":true}]}}