{"id":1700,"date":"2020-06-14T17:29:26","date_gmt":"2020-06-14T15:29:26","guid":{"rendered":"https:\/\/www.editions-hope.com\/?post_type=product&#038;p=1700"},"modified":"2024-06-08T10:54:03","modified_gmt":"2024-06-08T08:54:03","slug":"trilogie-murmures-pack-3-livres","status":"publish","type":"product","link":"https:\/\/www.editions-hope.com\/fr\/boutique\/trilogie-murmures-pack-3-livres\/","title":{"rendered":"Trilogie Murmures (Pack 3 Livres)"},"content":{"rendered":"[vc_row type=\"in_container\" full_screen_row_position=\"middle\" column_margin=\"default\" column_direction=\"default\" column_direction_tablet=\"default\" column_direction_phone=\"default\" scene_position=\"center\" text_color=\"dark\" text_align=\"left\" row_border_radius=\"none\" row_border_radius_applies=\"bg\" overlay_strength=\"0.3\" gradient_direction=\"left_to_right\" shape_divider_position=\"bottom\" bg_image_animation=\"none\" shape_type=\"\"][vc_column column_padding=\"no-extra-padding\" column_padding_tablet=\"inherit\" column_padding_phone=\"inherit\" column_padding_position=\"all\" background_color_opacity=\"1\" background_hover_color_opacity=\"1\" column_shadow=\"none\" column_border_radius=\"none\" column_link_target=\"_self\" gradient_direction=\"left_to_right\" overlay_strength=\"0.3\" width=\"1\/1\" tablet_width_inherit=\"default\" tablet_text_alignment=\"default\" phone_text_alignment=\"default\" column_border_width=\"none\" column_border_style=\"solid\" bg_image_animation=\"none\"][vc_column_text css_animation=\"fadeIn\"]\n<h2 style=\"text-align: justify; color: #8e9cad;\"><i class=\"fad fa-pen-nib\"><\/i> La trilogie <em>Murmures<\/em><\/h2>\n[\/vc_column_text][divider line_type=\"No Line\" custom_height=\"20px\"][vc_column_text css_animation=\"fadeIn\"]\n<p style=\"text-align: justify;\">\"La Trilogie de Murmures d\u00e9livre son myst\u00e8re \u00e0 travers trois rencontres \u00e0 la crois\u00e9e des chemins : L'Enfant - <em>Jacques, Etre de Lumi\u00e8re<\/em>, l'Homme - <em>La Valse de l'Aigle<\/em> et la Femme, mi humaine mi cr\u00e9ature - <em>Allegoria<\/em>.<\/p>\n<p style=\"text-align: justify;\">Trois t\u00e9moignages qui peu \u00e0 peu nous plongent plus profond\u00e9ment dans l'Ailleurs, l'Invisible dont nul ne veut parler mais qui est toujours l\u00e0, bien pr\u00e9sent...<\/p>\n<p style=\"text-align: justify;\">Trois Murmures en bordure du Monde : L'Enfant ouvre les portes de la gen\u00e8se de notre Etre. Il est l'Innocence qui nous rappelle l'enfant que nous \u00e9tions ou que nous aurions d\u00fb \u00eatre. L'Homme Aigle lib\u00e8re les maux enfouis. Le voile de l'illusion vole en \u00e9clat. Il est la voie de la d\u00e9couverte de soi, de la remise en question de toutes nos certitudes. La myst\u00e9rieuse Femme mi-humaine, mi-cr\u00e9ature nous r\u00e9v\u00e8le le prisme de notre identit\u00e9 profonde. Elle est la cl\u00e9 permettant \u00e0 notre potentiel de devenir r\u00e9el... Mais quel potentiel dans quelle r\u00e9alit\u00e9 ? Quelle est notre identit\u00e9 profonde ?\"<\/p>\n[\/vc_column_text][\/vc_column][\/vc_row][vc_row type=\"in_container\" full_screen_row_position=\"middle\" column_margin=\"default\" column_direction=\"default\" column_direction_tablet=\"default\" column_direction_phone=\"default\" scene_position=\"center\" text_color=\"dark\" text_align=\"left\" row_border_radius=\"none\" row_border_radius_applies=\"bg\" overlay_strength=\"0.3\" gradient_direction=\"left_to_right\" shape_divider_position=\"bottom\" bg_image_animation=\"none\" shape_type=\"\"][vc_column column_padding=\"no-extra-padding\" column_padding_tablet=\"inherit\" column_padding_phone=\"inherit\" column_padding_position=\"all\" background_color_opacity=\"1\" background_hover_color_opacity=\"1\" column_shadow=\"none\" column_border_radius=\"none\" column_link_target=\"_self\" gradient_direction=\"left_to_right\" overlay_strength=\"0.3\" width=\"1\/1\" tablet_width_inherit=\"default\" tablet_text_alignment=\"default\" phone_text_alignment=\"default\" column_border_width=\"none\" column_border_style=\"solid\" bg_image_animation=\"none\"][divider line_type=\"No Line\" custom_height=\"50px\"][image_with_animation image_url=\"337\" animation=\"Fade In\" hover_animation=\"none\" alignment=\"center\" border_radius=\"none\" box_shadow=\"none\" image_loading=\"lazy-load\" max_width=\"100%\" max_width_mobile=\"default\"][divider line_type=\"No Line\" custom_height=\"50px\"][\/vc_column][\/vc_row][vc_row type=\"in_container\" full_screen_row_position=\"middle\" column_margin=\"default\" column_direction=\"default\" column_direction_tablet=\"default\" column_direction_phone=\"default\" scene_position=\"center\" text_color=\"dark\" text_align=\"left\" row_border_radius=\"none\" row_border_radius_applies=\"bg\" overlay_strength=\"0.3\" gradient_direction=\"left_to_right\" shape_divider_position=\"bottom\" bg_image_animation=\"none\" shape_type=\"\"][vc_column column_padding=\"no-extra-padding\" column_padding_tablet=\"inherit\" column_padding_phone=\"inherit\" column_padding_position=\"all\" background_color_opacity=\"1\" background_hover_color_opacity=\"1\" column_shadow=\"none\" column_border_radius=\"none\" column_link_target=\"_self\" gradient_direction=\"left_to_right\" overlay_strength=\"0.3\" width=\"1\/1\" tablet_width_inherit=\"default\" tablet_text_alignment=\"default\" phone_text_alignment=\"default\" column_border_width=\"none\" column_border_style=\"solid\" bg_image_animation=\"none\"][vc_column_text css_animation=\"fadeIn\"]\n<h2 style=\"text-align: justify; color: #8e9cad;\"><i class=\"fad fa-bookmark\"><\/i> R\u00e9sum\u00e9s<\/h2>\n[\/vc_column_text][divider line_type=\"No Line\" custom_height=\"20px\"][\/vc_column][\/vc_row][vc_row type=\"in_container\" full_screen_row_position=\"middle\" column_margin=\"default\" equal_height=\"yes\" content_placement=\"middle\" column_direction=\"default\" column_direction_tablet=\"default\" column_direction_phone=\"default\" scene_position=\"center\" text_color=\"dark\" text_align=\"left\" row_border_radius=\"none\" row_border_radius_applies=\"bg\" overlay_strength=\"0.3\" gradient_direction=\"left_to_right\" shape_divider_position=\"bottom\" bg_image_animation=\"none\" shape_type=\"\"][vc_column column_padding=\"no-extra-padding\" column_padding_tablet=\"inherit\" column_padding_phone=\"inherit\" column_padding_position=\"all\" background_color_opacity=\"1\" background_hover_color_opacity=\"1\" column_shadow=\"none\" column_border_radius=\"none\" column_link_target=\"_self\" gradient_direction=\"left_to_right\" overlay_strength=\"0.3\" width=\"1\/2\" tablet_width_inherit=\"default\" tablet_text_alignment=\"default\" phone_text_alignment=\"default\" column_border_width=\"none\" column_border_style=\"solid\" bg_image_animation=\"none\"][nectar_animated_title heading_tag=\"h6\" style=\"color-strip-reveal\" color=\"Extra-Color-1\" text=\"vol. 1 - Jacques, \u00catre de Lumi\u00e8re\"][vc_column_text css_animation=\"fadeIn\"]\n<p style=\"font-size: 12px; text-align: left; line-height: 15px;\"><span style=\"margin-right: 20px;\"><i class=\"fal fa-book-open\"><\/i> 258 pages<\/span> <i class=\"fad fa-barcode\"><\/i> ISBN : 978-2-9534055-3-8<\/p>\n[\/vc_column_text][\/vc_column][vc_column column_padding=\"no-extra-padding\" column_padding_tablet=\"inherit\" column_padding_phone=\"inherit\" column_padding_position=\"all\" background_color_opacity=\"1\" background_hover_color_opacity=\"1\" column_shadow=\"none\" column_border_radius=\"none\" column_link_target=\"_self\" gradient_direction=\"left_to_right\" overlay_strength=\"0.3\" width=\"1\/2\" tablet_width_inherit=\"default\" tablet_text_alignment=\"default\" phone_text_alignment=\"default\" column_border_width=\"none\" column_border_style=\"solid\" bg_image_animation=\"none\"][nectar_btn size=\"small\" open_new_tab=\"true\" button_style=\"see-through\" button_color_2=\"extra-color-gradient-2\" icon_family=\"fontawesome\" el_class=\"alignright\" text=\"D\u00e9couvrir un Extrait\" url=\"https:\/\/www.editions-hope.com\/book\/murmures_jacques-etre-de-lumiere\/\" css_animation=\"none\" icon_fontawesome=\"fa fa-eye\"][\/vc_column][\/vc_row][vc_row type=\"in_container\" full_screen_row_position=\"middle\" column_margin=\"default\" column_direction=\"default\" column_direction_tablet=\"default\" column_direction_phone=\"default\" scene_position=\"center\" text_color=\"dark\" text_align=\"left\" row_border_radius=\"none\" row_border_radius_applies=\"bg\" overlay_strength=\"0.3\" gradient_direction=\"left_to_right\" shape_divider_position=\"bottom\" bg_image_animation=\"none\" shape_type=\"\"][vc_column column_padding=\"no-extra-padding\" column_padding_tablet=\"inherit\" column_padding_phone=\"inherit\" column_padding_position=\"all\" background_color_opacity=\"1\" background_hover_color_opacity=\"1\" column_shadow=\"none\" column_border_radius=\"none\" column_link_target=\"_self\" gradient_direction=\"left_to_right\" overlay_strength=\"0.3\" width=\"1\/1\" tablet_width_inherit=\"default\" tablet_text_alignment=\"default\" phone_text_alignment=\"default\" column_border_width=\"none\" column_border_style=\"solid\" bg_image_animation=\"none\"][vc_column_text css_animation=\"fadeIn\"]\n<p style=\"text-align: justify;\">Une pr\u00e9sence silencieuse me tient la main. Je ressens une douce pression dans ma paume. Je suis p\u00e9trifi\u00e9e, \u00e9merveill\u00e9e. La pr\u00e9sence envahit mon \u00eatre, mes r\u00eaves\u2026 J\u2019entends un rire d\u2018enfant. Je le suis\u2026<\/p>\n<p style=\"text-align: justify;\">Je me laisse conduire vers ce petit gar\u00e7on \u00e0 la chevelure cendr\u00e9e, un seul pr\u00e9nom : Jacques.<\/p>\n<p style=\"text-align: justify;\">Rencontre myst\u00e8re, Jacques a la volont\u00e9 de sortir de l'ombre, de son silence. Il me m\u00e8ne sur les sentiers de son histoire, ouvrant les portes d\u2019une m\u00e9moire oubli\u00e9e\u2026<\/p>\n<p style=\"text-align: justify;\">A travers son histoire, une autre se r\u00e9v\u00e8le, la mienne, celle d\u2019une petite fille assise sur le perron\u2026<\/p>\n<p style=\"text-align: justify;\">Jacques, \u00catre de Lumi\u00e8re, ouvre mon regard. Il me demande de r\u00e9v\u00e9ler ce que je cache depuis le commencement...<\/p>\n<p style=\"text-align: justify;\">Ensemble, main dans la main, nous cheminons sous le regard incr\u00e9dule du Monde\u2026<\/p>\n<p style=\"text-align: center;\">Les murmures viennent \u00e0 moi :<br \/>\n<em>\u00ab Ne crains pas\u2026 Ouvre ton \u00e2me, lib\u00e8re ton c\u0153ur, d\u00e9noue tes entrailles...<br \/>\nTout est en toi depuis le commencement, va, aie confiance\u2026<\/em> \u00bb<\/p>\n[\/vc_column_text][divider line_type=\"No Line\" custom_height=\"20px\"][divider line_type=\"No Line\" custom_height=\"60px\"][\/vc_column][\/vc_row][vc_row type=\"in_container\" full_screen_row_position=\"middle\" column_margin=\"default\" equal_height=\"yes\" content_placement=\"middle\" column_direction=\"default\" column_direction_tablet=\"default\" column_direction_phone=\"default\" scene_position=\"center\" text_color=\"dark\" text_align=\"left\" row_border_radius=\"none\" row_border_radius_applies=\"bg\" overlay_strength=\"0.3\" gradient_direction=\"left_to_right\" shape_divider_position=\"bottom\" bg_image_animation=\"none\" shape_type=\"\"][vc_column column_padding=\"no-extra-padding\" column_padding_tablet=\"inherit\" column_padding_phone=\"inherit\" column_padding_position=\"all\" background_color_opacity=\"1\" background_hover_color_opacity=\"1\" column_shadow=\"none\" column_border_radius=\"none\" column_link_target=\"_self\" gradient_direction=\"left_to_right\" overlay_strength=\"0.3\" width=\"1\/2\" tablet_width_inherit=\"default\" tablet_text_alignment=\"default\" phone_text_alignment=\"default\" column_border_width=\"none\" column_border_style=\"solid\" bg_image_animation=\"none\"][nectar_animated_title heading_tag=\"h6\" style=\"color-strip-reveal\" color=\"Extra-Color-1\" text=\"vol. 2 - La Valse de l'Aigle\"][vc_column_text css_animation=\"fadeIn\"]\n<p style=\"font-size: 12px; text-align: left; line-height: 15px;\"><span style=\"margin-right: 20px;\"><i class=\"fal fa-book-open\"><\/i> 276 pages<\/span> <i class=\"fad fa-barcode\"><\/i> ISBN : 978-2-9534055-5-2<\/p>\n[\/vc_column_text][\/vc_column][vc_column column_padding=\"no-extra-padding\" column_padding_tablet=\"inherit\" column_padding_phone=\"inherit\" column_padding_position=\"all\" background_color_opacity=\"1\" background_hover_color_opacity=\"1\" column_shadow=\"none\" column_border_radius=\"none\" column_link_target=\"_self\" gradient_direction=\"left_to_right\" overlay_strength=\"0.3\" width=\"1\/2\" tablet_width_inherit=\"default\" tablet_text_alignment=\"default\" phone_text_alignment=\"default\" column_border_width=\"none\" column_border_style=\"solid\" bg_image_animation=\"none\"][nectar_btn size=\"small\" open_new_tab=\"true\" button_style=\"see-through\" button_color_2=\"extra-color-gradient-2\" icon_family=\"fontawesome\" el_class=\"alignright\" text=\"D\u00e9couvrir un Extrait\" url=\"https:\/\/www.editions-hope.com\/book\/murmures_la-valse-de-l-aigle\/\" css_animation=\"none\" icon_fontawesome=\"fa fa-eye\"][\/vc_column][\/vc_row][vc_row type=\"in_container\" full_screen_row_position=\"middle\" column_margin=\"default\" column_direction=\"default\" column_direction_tablet=\"default\" column_direction_phone=\"default\" scene_position=\"center\" text_color=\"dark\" text_align=\"left\" row_border_radius=\"none\" row_border_radius_applies=\"bg\" overlay_strength=\"0.3\" gradient_direction=\"left_to_right\" shape_divider_position=\"bottom\" bg_image_animation=\"none\" shape_type=\"\"][vc_column column_padding=\"no-extra-padding\" column_padding_tablet=\"inherit\" column_padding_phone=\"inherit\" column_padding_position=\"all\" background_color_opacity=\"1\" background_hover_color_opacity=\"1\" column_shadow=\"none\" column_border_radius=\"none\" column_link_target=\"_self\" gradient_direction=\"left_to_right\" overlay_strength=\"0.3\" width=\"1\/1\" tablet_width_inherit=\"default\" tablet_text_alignment=\"default\" phone_text_alignment=\"default\" column_border_width=\"none\" column_border_style=\"solid\" bg_image_animation=\"none\"][vc_column_text css_animation=\"fadeIn\"]\n<p style=\"text-align: justify;\">Un cri strident d\u00e9chire les cieux. De Paris \u00e0 Reykjavik, l\u2019Aigle me conte une petite histoire anodine en apparence. Mon \u00eatre est \u00e9branl\u00e9. Mes mots et mes maux se lib\u00e8rent\u2026<\/p>\n<p style=\"text-align: justify;\">Le silence me murmure les secrets d\u2019un univers cach\u00e9. Le voile du myst\u00e8re se l\u00e8ve...<\/p>\n<p style=\"text-align: justify;\">L\u2019Aigle m\u2019invite \u00e0 suivre ses pas. Toutes les rencontres m\u2019emportent dans le tourbillon de sa valse \u00e0 mille temps\u2026<\/p>\n<p style=\"text-align: justify;\">Entour\u00e9e de nature sublime, les sensations enfouies, les \u00e9motions ressurgissent. Je l\u00e2che prise. Je suis \u00e0 nue. Je touche un invisible, impr\u00e9visible...<\/p>\n<p style=\"text-align: center;\">L\u2019Aigle me murmure :<br \/>\n\u00ab <em>Ton chemin en Islande<br \/>\nsera le plus douloureux<br \/>\net le plus sublime...<\/em> \u00bb<\/p>\n[\/vc_column_text][divider line_type=\"No Line\" custom_height=\"20px\"][divider line_type=\"No Line\" custom_height=\"60px\"][\/vc_column][\/vc_row][vc_row type=\"in_container\" full_screen_row_position=\"middle\" column_margin=\"default\" equal_height=\"yes\" content_placement=\"middle\" column_direction=\"default\" column_direction_tablet=\"default\" column_direction_phone=\"default\" scene_position=\"center\" text_color=\"dark\" text_align=\"left\" row_border_radius=\"none\" row_border_radius_applies=\"bg\" overlay_strength=\"0.3\" gradient_direction=\"left_to_right\" shape_divider_position=\"bottom\" bg_image_animation=\"none\" shape_type=\"\"][vc_column column_padding=\"no-extra-padding\" column_padding_tablet=\"inherit\" column_padding_phone=\"inherit\" column_padding_position=\"all\" background_color_opacity=\"1\" background_hover_color_opacity=\"1\" column_shadow=\"none\" column_border_radius=\"none\" column_link_target=\"_self\" gradient_direction=\"left_to_right\" overlay_strength=\"0.3\" width=\"1\/2\" tablet_width_inherit=\"default\" tablet_text_alignment=\"default\" phone_text_alignment=\"default\" column_border_width=\"none\" column_border_style=\"solid\" bg_image_animation=\"none\"][nectar_animated_title heading_tag=\"h6\" style=\"color-strip-reveal\" color=\"Extra-Color-1\" text=\"vol. 3 - Allegoria\"][vc_column_text css_animation=\"fadeIn\"]\n<p style=\"font-size: 12px; text-align: left; line-height: 15px;\"><span style=\"margin-right: 20px;\"><i class=\"fal fa-book-open\"><\/i> 426 pages<\/span> <i class=\"fad fa-barcode\"><\/i> ISBN : 978-2-9534055-7-6<\/p>\n[\/vc_column_text][\/vc_column][vc_column column_padding=\"no-extra-padding\" column_padding_tablet=\"inherit\" column_padding_phone=\"inherit\" column_padding_position=\"all\" background_color_opacity=\"1\" background_hover_color_opacity=\"1\" column_shadow=\"none\" column_border_radius=\"none\" column_link_target=\"_self\" gradient_direction=\"left_to_right\" overlay_strength=\"0.3\" width=\"1\/2\" tablet_width_inherit=\"default\" tablet_text_alignment=\"default\" phone_text_alignment=\"default\" column_border_width=\"none\" column_border_style=\"solid\" bg_image_animation=\"none\"][nectar_btn size=\"small\" open_new_tab=\"true\" button_style=\"see-through\" button_color_2=\"extra-color-gradient-2\" icon_family=\"fontawesome\" el_class=\"alignright\" text=\"D\u00e9couvrir un Extrait\" url=\"https:\/\/www.editions-hope.com\/book\/murmures_allegoria\/\" css_animation=\"none\" icon_fontawesome=\"fa fa-eye\"][\/vc_column][\/vc_row][vc_row type=\"in_container\" full_screen_row_position=\"middle\" column_margin=\"default\" column_direction=\"default\" column_direction_tablet=\"default\" column_direction_phone=\"default\" scene_position=\"center\" text_color=\"dark\" text_align=\"left\" row_border_radius=\"none\" row_border_radius_applies=\"bg\" overlay_strength=\"0.3\" gradient_direction=\"left_to_right\" shape_divider_position=\"bottom\" bg_image_animation=\"none\" shape_type=\"\"][vc_column column_padding=\"no-extra-padding\" column_padding_tablet=\"inherit\" column_padding_phone=\"inherit\" column_padding_position=\"all\" background_color_opacity=\"1\" background_hover_color_opacity=\"1\" column_shadow=\"none\" column_border_radius=\"none\" column_link_target=\"_self\" gradient_direction=\"left_to_right\" overlay_strength=\"0.3\" width=\"1\/1\" tablet_width_inherit=\"default\" tablet_text_alignment=\"default\" phone_text_alignment=\"default\" column_border_width=\"none\" column_border_style=\"solid\" bg_image_animation=\"none\"][vc_column_text css_animation=\"fadeIn\"]\n<p style=\"text-align: justify;\">Allegoria est la Cr\u00e9ature de l\u2019Invisible qui r\u00f4de dans le Visible.<\/p>\n<p style=\"text-align: justify;\">Elle s'immisce dans mon esprit, dans celui de l'Homme, semant le trouble et la confusion. Elle nous entra\u00eene dans un combat sans merci... Elle prot\u00e8ge un secret bien gard\u00e9 qui menace d'\u00e9merger...<\/p>\n<p style=\"text-align: justify;\">Ce nouveau d\u00e9fi est-il l'aboutissement de ma qu\u00eate ou le d\u00e9but d'une autre, bien plus infinie ?<\/p>\n<p style=\"text-align: center;\">Allegoria me murmure :<br \/>\n\u00ab <em>Ils vont te condamner au b\u00fbcher.<br \/>\nJe vais embraser les flammes. Elles te l\u00e9cheront, te consumeront...<br \/>\nEntrons dans l\u2019Ar\u00e8ne et combattons...<\/em> \u00bb<\/p>\n[\/vc_column_text][divider line_type=\"No Line\" custom_height=\"20px\"][divider line_type=\"No Line\" custom_height=\"20px\"][\/vc_column][\/vc_row][vc_row type=\"in_container\" full_screen_row_position=\"middle\" column_margin=\"default\" column_direction=\"default\" column_direction_tablet=\"default\" column_direction_phone=\"default\" scene_position=\"center\" text_color=\"dark\" text_align=\"left\" row_border_radius=\"none\" row_border_radius_applies=\"bg\" overlay_strength=\"0.3\" gradient_direction=\"left_to_right\" shape_divider_position=\"bottom\" bg_image_animation=\"none\" shape_type=\"\"][vc_column column_padding=\"no-extra-padding\" column_padding_tablet=\"inherit\" column_padding_phone=\"inherit\" column_padding_position=\"all\" background_color_opacity=\"1\" background_hover_color_opacity=\"1\" column_shadow=\"none\" column_border_radius=\"none\" column_link_target=\"_self\" gradient_direction=\"left_to_right\" overlay_strength=\"0.3\" width=\"1\/1\" tablet_width_inherit=\"default\" tablet_text_alignment=\"default\" phone_text_alignment=\"default\" column_border_width=\"none\" column_border_style=\"solid\" bg_image_animation=\"none\"][divider line_type=\"No Line\" custom_height=\"50px\"][image_with_animation image_url=\"335\" animation=\"Fade In\" hover_animation=\"none\" alignment=\"center\" border_radius=\"none\" box_shadow=\"none\" image_loading=\"lazy-load\" max_width=\"100%\" max_width_mobile=\"default\"][divider line_type=\"No Line\" custom_height=\"50px\"][\/vc_column][\/vc_row][vc_row type=\"in_container\" full_screen_row_position=\"middle\" column_margin=\"default\" column_direction=\"default\" column_direction_tablet=\"default\" column_direction_phone=\"default\" scene_position=\"center\" text_color=\"dark\" text_align=\"left\" row_border_radius=\"none\" row_border_radius_applies=\"bg\" overlay_strength=\"0.3\" gradient_direction=\"left_to_right\" shape_divider_position=\"bottom\" bg_image_animation=\"none\" shape_type=\"\"][vc_column column_padding=\"no-extra-padding\" column_padding_tablet=\"inherit\" column_padding_phone=\"inherit\" column_padding_position=\"all\" background_color_opacity=\"1\" background_hover_color_opacity=\"1\" column_shadow=\"none\" column_border_radius=\"none\" column_link_target=\"_self\" gradient_direction=\"left_to_right\" overlay_strength=\"0.3\" width=\"1\/1\" tablet_width_inherit=\"default\" tablet_text_alignment=\"default\" phone_text_alignment=\"default\" column_border_width=\"none\" column_border_style=\"solid\" bg_image_animation=\"none\"][divider line_type=\"No Line\" custom_height=\"50px\"][vc_column_text css_animation=\"fadeIn\"]\n<p style=\"text-align: center; color: #8e9cad;\"><i class=\"fal fa-globe-americas\"><\/i> <a style=\"color: #8e9cad;\" href=\"https:\/\/www.editions-hope.com\/fr\/boutique\/trilogie-murmures-pack-3-livres\/?attribute_pa_language=anglais\" target=\"_blank\" rel=\"noopener noreferrer\">Disponible en anglais<\/a><\/p>\n[\/vc_column_text][divider line_type=\"No Line\" custom_height=\"50px\"][\/vc_column][\/vc_row][vc_row type=\"in_container\" full_screen_row_position=\"middle\" column_margin=\"default\" column_direction=\"default\" column_direction_tablet=\"default\" column_direction_phone=\"default\" scene_position=\"center\" text_color=\"dark\" text_align=\"left\" row_border_radius=\"none\" row_border_radius_applies=\"bg\" overlay_strength=\"0.3\" gradient_direction=\"left_to_right\" shape_divider_position=\"bottom\" bg_image_animation=\"none\" shape_type=\"\"][vc_column column_padding=\"no-extra-padding\" column_padding_tablet=\"inherit\" column_padding_phone=\"inherit\" column_padding_position=\"all\" background_color_opacity=\"1\" background_hover_color_opacity=\"1\" column_shadow=\"none\" column_border_radius=\"none\" column_link_target=\"_self\" gradient_direction=\"left_to_right\" overlay_strength=\"0.3\" width=\"1\/1\" tablet_width_inherit=\"default\" tablet_text_alignment=\"default\" phone_text_alignment=\"default\" column_border_width=\"none\" column_border_style=\"solid\" bg_image_animation=\"none\"][divider line_type=\"No Line\" custom_height=\"60px\"][\/vc_column][\/vc_row][vc_row type=\"in_container\" full_screen_row_position=\"middle\" column_margin=\"default\" equal_height=\"yes\" content_placement=\"middle\" column_direction=\"default\" column_direction_tablet=\"default\" column_direction_phone=\"default\" scene_position=\"center\" text_color=\"dark\" text_align=\"left\" row_border_radius=\"none\" row_border_radius_applies=\"bg\" overlay_strength=\"0.3\" gradient_direction=\"left_to_right\" shape_divider_position=\"bottom\" bg_image_animation=\"none\" shape_type=\"\"][vc_column column_padding=\"no-extra-padding\" column_padding_tablet=\"inherit\" column_padding_phone=\"inherit\" column_padding_position=\"all\" background_color_opacity=\"1\" background_hover_color_opacity=\"1\" column_shadow=\"none\" column_border_radius=\"none\" column_link_target=\"_self\" gradient_direction=\"left_to_right\" overlay_strength=\"0.3\" width=\"1\/1\" tablet_width_inherit=\"default\" tablet_text_alignment=\"default\" phone_text_alignment=\"default\" column_border_width=\"none\" column_border_style=\"solid\" bg_image_animation=\"none\"]<div class=\"nectar-social hover\" data-position=\"left\" data-color-override=\"override\"><span class=\"share-btn\"> <i class=\"icon-default-style steadysets-icon-share\"><\/i> Partager<\/span><div class=\"nectar-social-inner\"><a class='facebook-share nectar-sharing' href='#' title='Partager'>  <i class='fa fa-facebook'><\/i> <span class='social-text'>Partager<\/span> <\/a><a class='twitter-share nectar-sharing' href='#' title='Partager'> <i class='fa icon-salient-x-twitter'><\/i> <span class='social-text'>Partager<\/span> <\/a><a class='linkedin-share nectar-sharing' href='#' title='Partager'> <i class='fa fa-linkedin'><\/i> <span class='social-text'>Partager<\/span> <\/a><a class='pinterest-share nectar-sharing' href='#' title='Epingler'> <i class='fa fa-pinterest'><\/i> <span class='social-text'>Epingler<\/span> <\/a><\/div><div class=\"nectar-love-button\"><a href=\"#\" class=\"nectar-love\" id=\"nectar-love-1700\" title=\"Aimer cet article\"> <i class=\"icon-salient-heart-2\"><\/i><span class=\"love-text\">J\u2019aime<\/span><span class=\"total_loves\"><span class=\"nectar-love-count\">1<\/span><\/span><\/a><\/div><\/div>[\/vc_column][\/vc_row]\n","protected":false},"excerpt":{"rendered":"<p><span style=\"font-size: 22px;\">Livres de <strong>Katy Danjou<\/strong><\/span><\/p>\n","protected":false},"featured_media":1703,"comment_status":"open","ping_status":"closed","template":"","meta":[],"product_brand":[],"product_cat":[90],"product_tag":[71,85],"class_list":{"0":"post-1700","1":"product","2":"type-product","3":"status-publish","4":"has-post-thumbnail","6":"product_cat-offres-speciales","7":"product_tag-roman","8":"product_tag-trilogie","10":"first","11":"instock","12":"sale","13":"shipping-taxable","14":"purchasable","15":"product-type-variable","16":"has-default-attributes"},"_links":{"self":[{"href":"https:\/\/www.editions-hope.com\/fr\/wp-json\/wp\/v2\/product\/1700","targetHints":{"allow":["GET"]}}],"collection":[{"href":"https:\/\/www.editions-hope.com\/fr\/wp-json\/wp\/v2\/product"}],"about":[{"href":"https:\/\/www.editions-hope.com\/fr\/wp-json\/wp\/v2\/types\/product"}],"replies":[{"embeddable":true,"href":"https:\/\/www.editions-hope.com\/fr\/wp-json\/wp\/v2\/comments?post=1700"}],"wp:featuredmedia":[{"embeddable":true,"href":"https:\/\/www.editions-hope.com\/fr\/wp-json\/wp\/v2\/media\/1703"}],"wp:attachment":[{"href":"https:\/\/www.editions-hope.com\/fr\/wp-json\/wp\/v2\/media?parent=1700"}],"wp:term":[{"taxonomy":"product_brand","embeddable":true,"href":"https:\/\/www.editions-hope.com\/fr\/wp-json\/wp\/v2\/product_brand?post=1700"},{"taxonomy":"product_cat","embeddable":true,"href":"https:\/\/www.editions-hope.com\/fr\/wp-json\/wp\/v2\/product_cat?post=1700"},{"taxonomy":"product_tag","embeddable":true,"href":"https:\/\/www.editions-hope.com\/fr\/wp-json\/wp\/v2\/product_tag?post=1700"}],"curies":[{"name":"wp","href":"https:\/\/api.w.org\/{rel}","templated":true}]}}