{"id":404,"date":"2020-05-28T17:11:41","date_gmt":"2020-05-28T15:11:41","guid":{"rendered":"https:\/\/www.editions-hope.com\/?page_id=404"},"modified":"2020-05-30T21:00:55","modified_gmt":"2020-05-30T19:00:55","slug":"auteurs","status":"publish","type":"page","link":"https:\/\/www.editions-hope.com\/fr\/auteurs\/","title":{"rendered":"Auteurs"},"content":{"rendered":"[vc_row type=\"in_container\" full_screen_row_position=\"middle\" column_margin=\"default\" column_direction=\"default\" column_direction_tablet=\"default\" column_direction_phone=\"default\" scene_position=\"center\" text_color=\"dark\" text_align=\"left\" row_border_radius=\"none\" row_border_radius_applies=\"bg\" overlay_strength=\"0.3\" gradient_direction=\"left_to_right\" shape_divider_position=\"bottom\" bg_image_animation=\"none\"][vc_column column_padding=\"no-extra-padding\" column_padding_tablet=\"inherit\" column_padding_phone=\"inherit\" column_padding_position=\"all\" centered_text=\"true\" background_color_opacity=\"1\" background_hover_color_opacity=\"1\" column_shadow=\"none\" column_border_radius=\"none\" column_link_target=\"_self\" gradient_direction=\"left_to_right\" overlay_strength=\"0.3\" width=\"1\/1\" tablet_width_inherit=\"default\" tablet_text_alignment=\"default\" phone_text_alignment=\"default\" column_border_width=\"none\" column_border_style=\"solid\" bg_image_animation=\"none\"][image_with_animation image_url=\"408\" animation=\"ro-reveal-from-top\" hover_animation=\"none\" alignment=\"center\" border_radius=\"none\" image_loading=\"lazy-load\" max_width=\"75%\" max_width_mobile=\"default\"][\/vc_column][\/vc_row][vc_row type=\"in_container\" full_screen_row_position=\"middle\" column_margin=\"default\" column_direction=\"default\" column_direction_tablet=\"default\" column_direction_phone=\"default\" scene_position=\"center\" text_color=\"dark\" text_align=\"left\" row_border_radius=\"none\" row_border_radius_applies=\"bg\" overlay_strength=\"0.3\" gradient_direction=\"left_to_right\" shape_divider_position=\"bottom\" bg_image_animation=\"none\" shape_type=\"\"][vc_column column_padding=\"no-extra-padding\" column_padding_tablet=\"inherit\" column_padding_phone=\"inherit\" column_padding_position=\"all\" background_color_opacity=\"1\" background_hover_color_opacity=\"1\" column_shadow=\"none\" column_border_radius=\"none\" column_link_target=\"_self\" gradient_direction=\"left_to_right\" overlay_strength=\"0.3\" width=\"1\/1\" tablet_width_inherit=\"default\" tablet_text_alignment=\"default\" phone_text_alignment=\"default\" column_border_width=\"none\" column_border_style=\"solid\" bg_image_animation=\"none\"][image_with_animation image_url=\"337\" animation=\"Fade In\" hover_animation=\"none\" alignment=\"center\" border_radius=\"none\" box_shadow=\"none\" image_loading=\"lazy-load\" max_width=\"100%\" max_width_mobile=\"default\"][\/vc_column][\/vc_row][vc_row type=\"in_container\" full_screen_row_position=\"middle\" column_margin=\"default\" column_direction=\"default\" column_direction_tablet=\"default\" column_direction_phone=\"default\" scene_position=\"center\" text_color=\"dark\" text_align=\"left\" row_border_radius=\"none\" row_border_radius_applies=\"bg\" overlay_strength=\"0.3\" gradient_direction=\"left_to_right\" shape_divider_position=\"bottom\" bg_image_animation=\"none\" shape_type=\"\"][vc_column column_padding=\"no-extra-padding\" column_padding_tablet=\"inherit\" column_padding_phone=\"inherit\" column_padding_position=\"all\" background_color_opacity=\"1\" background_hover_color_opacity=\"1\" column_shadow=\"none\" column_border_radius=\"none\" column_link_target=\"_self\" gradient_direction=\"left_to_right\" overlay_strength=\"0.3\" width=\"1\/1\" tablet_width_inherit=\"default\" tablet_text_alignment=\"default\" phone_text_alignment=\"default\" column_border_width=\"none\" column_border_style=\"solid\" bg_image_animation=\"none\"][divider line_type=\"No Line\" custom_height=\"50px\"][\/vc_column][\/vc_row][vc_row type=\"in_container\" full_screen_row_position=\"middle\" column_margin=\"default\" column_direction=\"default\" column_direction_tablet=\"default\" column_direction_phone=\"default\" scene_position=\"center\" text_color=\"dark\" text_align=\"left\" row_border_radius=\"none\" row_border_radius_applies=\"bg\" id=\"partage\" overlay_strength=\"0.3\" gradient_direction=\"left_to_right\" shape_divider_position=\"bottom\" bg_image_animation=\"none\" shape_type=\"\"][vc_column column_padding=\"no-extra-padding\" column_padding_tablet=\"inherit\" column_padding_phone=\"inherit\" column_padding_position=\"all\" background_color_opacity=\"1\" background_hover_color_opacity=\"1\" column_shadow=\"none\" column_border_radius=\"none\" column_link_target=\"_self\" gradient_direction=\"left_to_right\" overlay_strength=\"0.3\" width=\"1\/3\" tablet_width_inherit=\"default\" tablet_text_alignment=\"default\" phone_text_alignment=\"default\" column_border_width=\"none\" column_border_style=\"solid\" bg_image_animation=\"none\" enable_animation=\"true\" animation=\"reveal-from-left\"][team_member image_url=\"470\" bio_alt_image_url=\"468\" team_memeber_style=\"bio_fullscreen_alt\" image_loading=\"default\" name=\"Katy Danjou\" social_icon_1=\"fa fa-globe\" social_link_1=\"https:\/\/www.katy-danjou.com\/\" social_icon_2=\"fa fa-facebook-official\" social_link_2=\"https:\/\/www.facebook.com\/katy.danjou\" social_icon_3=\"fa fa-instagram\" social_link_3=\"https:\/\/instagram.com\/katydanjou\" team_member_bio=\"L'auteur est n\u00e9e au c\u0153ur de la ville rose, Toulouse. Elle aurait pu exercer sa profession de psychologue de mani\u00e8re tr\u00e8s conventionnelle mais a choisi les sentiers d\u00e9tourn\u00e9s du terrain, certaine que sa place se trouve l\u00e0 o\u00f9 les personnes vivent et non dans le confinement d\u2019un bureau. Les mots sont pour elle une d\u00e9livrance qui lui permettent d\u2019exprimer son ressenti, l\u2019espace transitionnel o\u00f9 son essence se d\u00e9verse sous une plume parfois crue mais aussi sensible. Elle symbolise ainsi la difficult\u00e9 de vivre en usant d\u2019images m\u00e9taphoriques et mystiques. Elle se passionne pour l\u2019art, qui pour elle, est le reflet de l\u2019\u00e2me. Elle transpose sa vision du monde, ses exp\u00e9riences, son intimit\u00e9 la plus profonde afin d\u2019\u00e9clairer en nous la br\u00e8che...\" social_icon_4=\"fa fa-amazon\" social_link_4=\"https:\/\/www.amazon.fr\/Katy-Danjou\/e\/B00HUQ15KG\"][divider line_type=\"No Line\" custom_height=\"20px\"][\/vc_column][vc_column column_padding=\"no-extra-padding\" column_padding_tablet=\"inherit\" column_padding_phone=\"inherit\" column_padding_position=\"all\" background_color_opacity=\"1\" background_hover_color_opacity=\"1\" column_shadow=\"none\" column_border_radius=\"none\" column_link_target=\"_self\" gradient_direction=\"left_to_right\" overlay_strength=\"0.3\" width=\"1\/3\" tablet_width_inherit=\"default\" tablet_text_alignment=\"default\" phone_text_alignment=\"default\" column_border_width=\"none\" column_border_style=\"solid\" bg_image_animation=\"none\" enable_animation=\"true\" animation=\"reveal-from-bottom\"][team_member image_url=\"475\" bio_alt_image_url=\"478\" team_memeber_style=\"bio_fullscreen_alt\" image_loading=\"default\" name=\"Nina Cox\" social_icon_1=\"fa fa-facebook-official\" social_link_1=\"https:\/\/www.facebook.com\/pages\/Nina-Cox\/652717734761042\" social_icon_2=\"fa fa-instagram\" social_link_2=\"https:\/\/instagram.com\/louna.nina\" team_member_bio=\"Nina est une jeune auteur originaire de la r\u00e9gion parisienne. Perdue dans un monde qui ne partageait pas sa passion pour le pays du soleil levant, elle cacha longtemps les mots qu\u2019elle osait \u00e0 peine tracer sur ses pages. Ses \u00e9tudes en Langue et Civilisation Etrang\u00e8re Japonaise lui ouvrirent la porte de son inspiration et de son imagination.  Ses voyages au Japon et en Cor\u00e9e lui permirent de revenir encore plus impr\u00e9gn\u00e9e de cette culture dont elle nous r\u00e9v\u00e8le l\u2019essence secr\u00e8te. Elle vogue au sein de la g\u00e9n\u00e9ration Tim Burton et du monde Kawaii. Ses \u00e9crits m\u00e9langent avec subtilit\u00e9 et d\u00e9licatesse, sa sensibilit\u00e9 et sa vision du monde dans un panache de sentiments sur fond asiatique...\"][divider line_type=\"No Line\" custom_height=\"20px\"][\/vc_column][vc_column column_padding=\"no-extra-padding\" column_padding_tablet=\"inherit\" column_padding_phone=\"inherit\" column_padding_position=\"all\" background_color_opacity=\"1\" background_hover_color_opacity=\"1\" column_shadow=\"none\" column_border_radius=\"none\" column_link_target=\"_self\" gradient_direction=\"left_to_right\" overlay_strength=\"0.3\" width=\"1\/3\" tablet_width_inherit=\"default\" tablet_text_alignment=\"default\" phone_text_alignment=\"default\" column_border_width=\"none\" column_border_style=\"solid\" bg_image_animation=\"none\" enable_animation=\"true\" animation=\"reveal-from-right\"][team_member image_url=\"481\" bio_alt_image_url=\"483\" team_memeber_style=\"bio_fullscreen_alt\" image_loading=\"default\" name=\"Alice Pereira-Gomes\" social_icon_1=\"fa fa-facebook-official\" social_link_1=\"https:\/\/www.facebook.com\/lili.gomes.7568\" team_member_bio=\"L'auteur est native du Br\u00e9sil, fruit d'un brassage entre une m\u00e8re franco-espagnole-catalane et un p\u00e8re portugais. Elle a  gard\u00e9 de l'enfance le go\u00fbt de la nature tropicale, elle vibre avec la magie du vent, des vastes feuilles, de l'oc\u00e9an... L\u2019\u00e9criture lui vient tr\u00e8s t\u00f4t et lui permet d\u2019\u00e9chapper aux cris et \u00e0 la d\u00e9mesure d\u2019une ambiance familiale mouvement\u00e9e. Elle perce \u00e0 travers ses mots les myst\u00e8res de la vie...  Ses po\u00e8mes sont empreints de ses \u00e9motions de l'enfance et des r\u00e9flexions sur sa vie - plut\u00f4t bien remplie - car elle a parcourue bient\u00f4t un demi-si\u00e8cle. Mais le p\u00e9tillant de la joie est toujours l\u00e0! Son \u00e9criture est percutante, g\u00e9n\u00e9reuse, claire, comme des fen\u00eatres ouvertes sur de nouveaux paysages...\"][divider line_type=\"No Line\" custom_height=\"20px\"][\/vc_column][\/vc_row][vc_row type=\"in_container\" full_screen_row_position=\"middle\" column_margin=\"default\" column_direction=\"default\" column_direction_tablet=\"default\" column_direction_phone=\"default\" scene_position=\"center\" text_color=\"dark\" text_align=\"left\" row_border_radius=\"none\" row_border_radius_applies=\"bg\" id=\"partage\" overlay_strength=\"0.3\" gradient_direction=\"left_to_right\" shape_divider_position=\"bottom\" bg_image_animation=\"none\" shape_type=\"\"][vc_column column_padding=\"no-extra-padding\" column_padding_tablet=\"inherit\" column_padding_phone=\"inherit\" column_padding_position=\"all\" background_color_opacity=\"1\" background_hover_color_opacity=\"1\" column_shadow=\"none\" column_border_radius=\"none\" column_link_target=\"_self\" gradient_direction=\"left_to_right\" overlay_strength=\"0.3\" width=\"1\/3\" tablet_width_inherit=\"default\" tablet_text_alignment=\"default\" phone_text_alignment=\"default\" column_border_width=\"none\" column_border_style=\"solid\" bg_image_animation=\"none\" enable_animation=\"true\" animation=\"fade-in\"][team_member image_url=\"488\" bio_alt_image_url=\"486\" team_memeber_style=\"bio_fullscreen_alt\" image_loading=\"default\" name=\"Philippe De Cuntreval\" social_icon_1=\"fa fa-globe\" social_link_1=\"http:\/\/hayka-kultura.org\/cuntreval.html\" social_icon_2=\"fa fa-facebook-official\" social_link_2=\"https:\/\/www.facebook.com\/people\/Philippe-De-Cuntreval\/1619500396\" team_member_bio=\"Philippe de Cuntreval, Docteur en sciences physiques et sp\u00e9cialiste de la psychologie du travail, m\u00e8ne des recherches dans le domaine des industries spatiales et de production d'\u00e9nergie. Il a \u00e0 son actif plusieurs communications ou contributions dans des ouvrages ou revues scientifiques. F\u00e9ru d\u2019Histoire M\u00e9di\u00e9vale, il a co-fond\u00e9 en 2005 le concours de nouvelles m\u00e9di\u00e9vales de Chinon qui ne cesse de grandir chaque ann\u00e9e, avec des contributions qui d\u00e9passent les fronti\u00e8res des pays francophones.... Il a v\u00e9cu \u00e0 Paris puis Versailles avant de partager son temps entre l\u2019Aquitaine m\u00e9di\u00e9vale et la Bi\u00e9lorussie. Ses romans proposent une alchimie subtile d\u2019espaces technologiques modernes ou futuristes et de traditions anciennes, o\u00f9 se heurtent d\u00e9licatesse et violence des protagonistes...\" social_icon_3=\"fa fa-amazon\" social_link_3=\"https:\/\/www.amazon.fr\/s?i=stripbooks&rh=p_27%3APhilippe+de+Cuntreval&s=relevancerank&text=Philippe+de+Cuntreval&ref=dp_byline_sr_book_1\"][divider line_type=\"No Line\" custom_height=\"20px\"][\/vc_column][vc_column column_padding=\"no-extra-padding\" column_padding_tablet=\"inherit\" column_padding_phone=\"inherit\" column_padding_position=\"all\" background_color_opacity=\"1\" background_hover_color_opacity=\"1\" column_shadow=\"none\" column_border_radius=\"none\" column_link_target=\"_self\" gradient_direction=\"left_to_right\" overlay_strength=\"0.3\" width=\"1\/3\" tablet_width_inherit=\"default\" tablet_text_alignment=\"default\" phone_text_alignment=\"default\" column_border_width=\"none\" column_border_style=\"solid\" bg_image_animation=\"none\"][image_with_animation image_url=\"508\" animation=\"Grow In\" hover_animation=\"none\" alignment=\"center\" border_radius=\"none\" box_shadow=\"none\" image_loading=\"lazy-load\" max_width=\"100%\" max_width_mobile=\"default\"][\/vc_column][vc_column column_padding=\"no-extra-padding\" column_padding_tablet=\"inherit\" column_padding_phone=\"inherit\" column_padding_position=\"all\" background_color_opacity=\"1\" background_hover_color_opacity=\"1\" column_shadow=\"none\" column_border_radius=\"none\" column_link_target=\"_self\" gradient_direction=\"left_to_right\" overlay_strength=\"0.3\" width=\"1\/3\" tablet_width_inherit=\"default\" tablet_text_alignment=\"default\" phone_text_alignment=\"default\" column_border_width=\"none\" column_border_style=\"solid\" bg_image_animation=\"none\" enable_animation=\"true\" animation=\"fade-in\"][team_member image_url=\"495\" bio_alt_image_url=\"493\" team_memeber_style=\"bio_fullscreen_alt\" image_loading=\"default\" name=\"Bloody Countess\" social_icon_1=\"fa fa-deviantart\" social_link_1=\"https:\/\/www.deviantart.com\/countessbloody\" social_icon_2=\"fa fa-facebook-official\" social_link_2=\"https:\/\/www.facebook.com\/Bloody-countess-158218690888697\/\" social_icon_3=\"fa fa-twitter\" social_link_3=\"https:\/\/twitter.com\/Coeurempoisonn\/\" team_member_bio=\"Bloody Countess est ce myst\u00e8re non r\u00e9v\u00e9l\u00e9, baign\u00e9 de culture M\u00e9tal et Gothique. Apr\u00e8s une sombre p\u00e9riode, il se  passionne pour le dessin, la photo, la peinture et l'\u00e9criture qui lui permettent d'exprimer ses sentiments. Il cr\u00e9\u00e9 un conte illustr\u00e9, une histoire d'amour sombre, po\u00e9tique et tortur\u00e9e, o\u00f9 se m\u00ealent avec subtilit\u00e9 les images, les mots et la musique compos\u00e9e avec un ami. Le conte, d'abord diffus\u00e9 sur Internet, re\u00e7u un tr\u00e8s bon accueil du public et fut ensuite publi\u00e9. Aujourd'hui Bloody Countess partage son temps entre la photos et le dessin et continue de cr\u00e9er des personnages qui peuplent son ``Petit Monde Tentaculesque``, d\u00e9voilant un peu plus son univers secret...\" social_icon_4=\"fa fa-facebook-official\" social_link_4=\"https:\/\/www.facebook.com\/LePetitMondeTentaculesqueDEmilie\"][divider line_type=\"No Line\" custom_height=\"20px\"][\/vc_column][\/vc_row][vc_row type=\"in_container\" full_screen_row_position=\"middle\" column_margin=\"default\" column_direction=\"default\" column_direction_tablet=\"default\" column_direction_phone=\"default\" scene_position=\"center\" text_color=\"dark\" text_align=\"left\" row_border_radius=\"none\" row_border_radius_applies=\"bg\" overlay_strength=\"0.3\" gradient_direction=\"left_to_right\" shape_divider_position=\"bottom\" bg_image_animation=\"none\" shape_type=\"\"][vc_column column_padding=\"no-extra-padding\" column_padding_tablet=\"inherit\" column_padding_phone=\"inherit\" column_padding_position=\"all\" background_color_opacity=\"1\" background_hover_color_opacity=\"1\" column_shadow=\"none\" column_border_radius=\"none\" column_link_target=\"_self\" gradient_direction=\"left_to_right\" overlay_strength=\"0.3\" width=\"1\/1\" tablet_width_inherit=\"default\" tablet_text_alignment=\"default\" phone_text_alignment=\"default\" column_border_width=\"none\" column_border_style=\"solid\" bg_image_animation=\"none\"][divider line_type=\"No Line\" custom_height=\"50px\"][\/vc_column][\/vc_row]\n","protected":false},"excerpt":{"rendered":"<p>[vc_row type=\"in_container\" full_screen_row_position=\"middle\" column_margin=\"default\" column_direction=\"default\" column_direction_tablet=\"default\" column_direction_phone=\"default\" scene_position=\"center\" text_color=\"dark\" text_align=\"left\" row_border_radius=\"none\" row_border_radius_applies=\"bg\" overlay_strength=\"0.3\" gradient_direction=\"left_to_right\" shape_divider_position=\"bottom\" bg_image_animation=\"none\"][vc_column column_padding=\"no-extra-padding\" column_padding_tablet=\"inherit\" column_padding_phone=\"inherit\" column_padding_position=\"all\" centered_text=\"true\" background_color_opacity=\"1\" background_hover_color_opacity=\"1\" column_shadow=\"none\" column_border_radius=\"none\" column_link_target=\"_self\" gradient_direction=\"left_to_right\" overlay_strength=\"0.3\" width=\"1\/1\" tablet_width_inherit=\"default\"...<\/p>\n","protected":false},"author":3,"featured_media":163,"parent":0,"menu_order":0,"comment_status":"closed","ping_status":"closed","template":"","meta":{"footnotes":""},"class_list":["post-404","page","type-page","status-publish","has-post-thumbnail"],"_links":{"self":[{"href":"https:\/\/www.editions-hope.com\/fr\/wp-json\/wp\/v2\/pages\/404","targetHints":{"allow":["GET"]}}],"collection":[{"href":"https:\/\/www.editions-hope.com\/fr\/wp-json\/wp\/v2\/pages"}],"about":[{"href":"https:\/\/www.editions-hope.com\/fr\/wp-json\/wp\/v2\/types\/page"}],"author":[{"embeddable":true,"href":"https:\/\/www.editions-hope.com\/fr\/wp-json\/wp\/v2\/users\/3"}],"replies":[{"embeddable":true,"href":"https:\/\/www.editions-hope.com\/fr\/wp-json\/wp\/v2\/comments?post=404"}],"version-history":[{"count":0,"href":"https:\/\/www.editions-hope.com\/fr\/wp-json\/wp\/v2\/pages\/404\/revisions"}],"wp:featuredmedia":[{"embeddable":true,"href":"https:\/\/www.editions-hope.com\/fr\/wp-json\/wp\/v2\/media\/163"}],"wp:attachment":[{"href":"https:\/\/www.editions-hope.com\/fr\/wp-json\/wp\/v2\/media?parent=404"}],"curies":[{"name":"wp","href":"https:\/\/api.w.org\/{rel}","templated":true}]}}